{"id":15016,"date":"2025-04-08T23:05:28","date_gmt":"2025-04-08T20:05:28","guid":{"rendered":"https:\/\/fenixkurumsal.com.tr\/product\/80cc-pet-ovaler-sossenbehaelter-mit-selbstverschluss\/"},"modified":"2025-04-08T23:05:28","modified_gmt":"2025-04-08T20:05:28","slug":"80cc-pet-ovaler-sossenbehaelter-mit-selbstverschluss","status":"publish","type":"product","link":"https:\/\/www.fenixkurumsal.com.tr\/de\/produkt\/80cc-pet-ovaler-sossenbehaelter-mit-selbstverschluss\/","title":{"rendered":"80cc PET Ovaler So\u00dfenbeh\u00e4lter mit Selbstverschlu\u00df"},"content":{"rendered":"","protected":false},"excerpt":{"rendered":"<table>\n<tbody>\n<tr>\n<td>Rohmaterial<\/td>\n<td>PP<\/td>\n<\/tr>\n<tr>\n<td>Farbe<\/td>\n<td>T<\/td>\n<\/tr>\n<tr>\n<td>Produkt Abmessungen<\/td>\n<td>171*59*38 mm<\/td>\n<\/tr>\n<tr>\n<td>Menge im Beutel<\/td>\n<td>100<\/td>\n<\/tr>\n<tr>\n<td>Menge im Paket<\/td>\n<td>10<\/td>\n<\/tr>\n<\/tbody>\n<\/table>\n","protected":false},"featured_media":10901,"template":"","meta":[],"product_cat":[1119,1238],"product_tag":[3403,3402,3401],"class_list":{"0":"post-15016","1":"product","2":"type-product","3":"status-publish","4":"has-post-thumbnail","6":"product_cat-plastik-lebensmittelbehaelter","7":"product_cat-saucenbehaelter","8":"product_tag-80cc-de","9":"product_tag-muschelschale","10":"product_tag-sosentopf","12":"first","13":"instock","14":"taxable","15":"shipping-taxable","16":"product-type-simple"},"_links":{"self":[{"href":"https:\/\/www.fenixkurumsal.com.tr\/de\/wp-json\/wp\/v2\/product\/15016","targetHints":{"allow":["GET"]}}],"collection":[{"href":"https:\/\/www.fenixkurumsal.com.tr\/de\/wp-json\/wp\/v2\/product"}],"about":[{"href":"https:\/\/www.fenixkurumsal.com.tr\/de\/wp-json\/wp\/v2\/types\/product"}],"wp:featuredmedia":[{"embeddable":true,"href":"https:\/\/www.fenixkurumsal.com.tr\/de\/wp-json\/wp\/v2\/media\/10901"}],"wp:attachment":[{"href":"https:\/\/www.fenixkurumsal.com.tr\/de\/wp-json\/wp\/v2\/media?parent=15016"}],"wp:term":[{"taxonomy":"product_cat","embeddable":true,"href":"https:\/\/www.fenixkurumsal.com.tr\/de\/wp-json\/wp\/v2\/product_cat?post=15016"},{"taxonomy":"product_tag","embeddable":true,"href":"https:\/\/www.fenixkurumsal.com.tr\/de\/wp-json\/wp\/v2\/product_tag?post=15016"}],"curies":[{"name":"wp","href":"https:\/\/api.w.org\/{rel}","templated":true}]}}