{"id":16433,"date":"2025-05-06T17:06:48","date_gmt":"2025-05-06T14:06:48","guid":{"rendered":"https:\/\/fenixkurumsal.com.tr\/product\/latex-gepuderter-handschuh\/"},"modified":"2026-02-23T10:36:25","modified_gmt":"2026-02-23T07:36:25","slug":"latex-gepuderter-handschuh","status":"publish","type":"product","link":"https:\/\/www.fenixkurumsal.com.tr\/de\/produkt\/latex-gepuderter-handschuh\/","title":{"rendered":"Latex gepuderter Handschuh"},"content":{"rendered":"","protected":false},"excerpt":{"rendered":"<h6>Eigenschaften der Latex gepuderter Handschuhe<\/h6>\n<div class=\"products_tabs_contents active\">\n<ul>\n<li>Hergestellt aus Naturkautschuk.<\/li>\n<li>Nicht steril.<\/li>\n<li>Dank seiner pudrigen Struktur reduziert es die Schwei\u00dfbildung und ist leicht zu tragen.<\/li>\n<li>Nat\u00fcrliche wei\u00dfe Farbe.<\/li>\n<li>Nur zum einmaligen Gebrauch.<\/li>\n<li>Geeignet f\u00fcr beide H\u00e4nde.<\/li>\n<li>Dank seiner weichen Struktur und hohen Elastizit\u00e4t liegt es perfekt in der Hand.<\/li>\n<li>Es bietet Schutz bei allen Arbeiten f\u00fcr den allgemeinen Gebrauch.<\/li>\n<li>In Schachteln zu 100 St\u00fcck und Paketen zu 2000 St\u00fcck.<\/li>\n<li>Sie wird von der PSA (Pers\u00f6nliche Schutzausr\u00fcstung) in der Norm <a href=\"https:\/\/www.satra.com\/spotlight\/article.php?id=528\">EN21420<\/a> abgedeckt.<\/li>\n<\/ul>\n<\/div>\n<p data-path-to-node=\"13,0\"><b data-path-to-node=\"13,0\" data-index-in-node=\"0\">Vorteile unserer professionellen Latexhandschuhe<\/b> Unsere <b data-path-to-node=\"13,0\" data-index-in-node=\"56\">Latex gepuderten Handschuhe<\/b> bieten eine hervorragende Kombination aus Schutz, Komfort und Rei\u00dffestigkeit. Durch die nat\u00fcrliche Elastizit\u00e4t von Latex passen sie sich perfekt der Handform an und erm\u00f6glichen ein pr\u00e4zises Tastgef\u00fchl bei medizinischen Untersuchungen oder industriellen Arbeiten. Die leichte Puderung sorgt f\u00fcr ein m\u00fcheloses An- und Ausziehen, selbst bei l\u00e4ngerer Tragedauer. Hergestellt nach EN21420-Standards, garantieren diese Handschuhe h\u00f6chste Sicherheit in der Lebensmittelverarbeitung und im Gesundheitswesen.<\/p>\n<p data-path-to-node=\"13,1\"><b data-path-to-node=\"13,1\" data-index-in-node=\"0\">Gro\u00dfhandelsanfragen:<\/b> F\u00fcr Gro\u00dfbestellungen unserer Premium-Latexhandschuhe kontaktieren Sie bitte unser Verkaufsteam, um die besten Gro\u00dfhandelspreise zu erhalten.<\/p>\n<p data-path-to-node=\"13,1\"><a href=\"https:\/\/www.fenixkurumsal.com.tr\/de\/kontakt\/\">Kontakt<\/a><\/p>\n","protected":false},"featured_media":16803,"template":"","meta":[],"product_cat":[4347],"product_tag":[4351,4349,4348,4350],"class_list":{"0":"post-16433","1":"product","2":"type-product","3":"status-publish","4":"has-post-thumbnail","6":"product_cat-handschuhe","7":"product_tag-benutzen-und-wegwerfen","8":"product_tag-handschuhe","9":"product_tag-latex-de","10":"product_tag-pulverisiert","12":"first","13":"instock","14":"taxable","15":"shipping-taxable","16":"product-type-simple"},"_links":{"self":[{"href":"https:\/\/www.fenixkurumsal.com.tr\/de\/wp-json\/wp\/v2\/product\/16433","targetHints":{"allow":["GET"]}}],"collection":[{"href":"https:\/\/www.fenixkurumsal.com.tr\/de\/wp-json\/wp\/v2\/product"}],"about":[{"href":"https:\/\/www.fenixkurumsal.com.tr\/de\/wp-json\/wp\/v2\/types\/product"}],"wp:featuredmedia":[{"embeddable":true,"href":"https:\/\/www.fenixkurumsal.com.tr\/de\/wp-json\/wp\/v2\/media\/16803"}],"wp:attachment":[{"href":"https:\/\/www.fenixkurumsal.com.tr\/de\/wp-json\/wp\/v2\/media?parent=16433"}],"wp:term":[{"taxonomy":"product_cat","embeddable":true,"href":"https:\/\/www.fenixkurumsal.com.tr\/de\/wp-json\/wp\/v2\/product_cat?post=16433"},{"taxonomy":"product_tag","embeddable":true,"href":"https:\/\/www.fenixkurumsal.com.tr\/de\/wp-json\/wp\/v2\/product_tag?post=16433"}],"curies":[{"name":"wp","href":"https:\/\/api.w.org\/{rel}","templated":true}]}}