{"id":16549,"date":"2025-05-06T18:09:27","date_gmt":"2025-05-06T15:09:27","guid":{"rendered":"https:\/\/fenixkurumsal.com.tr\/product\/nitrilhandschuhe-orange-dick\/"},"modified":"2025-05-06T18:09:27","modified_gmt":"2025-05-06T15:09:27","slug":"nitrilhandschuhe-orange-dick","status":"publish","type":"product","link":"https:\/\/www.fenixkurumsal.com.tr\/de\/produkt\/nitrilhandschuhe-orange-dick\/","title":{"rendered":"Nitrilhandschuhe Orange &#8211; Dick"},"content":{"rendered":"","protected":false},"excerpt":{"rendered":"<div id=\"info\" class=\"products_tabs_contents active\">\n<ul>\n<li>3D-Diamant strukturiert f\u00fcr zus\u00e4tzlichen Halt.<\/li>\n<li>Extra dick.<\/li>\n<li>Ideal f\u00fcr Anwender mit Allergien, da es kein Naturlatex enth\u00e4lt.<\/li>\n<li>Puderfrei.<\/li>\n<li>Nicht steril.<\/li>\n<li>Nur zum einmaligen Gebrauch.<\/li>\n<li>Geeignet f\u00fcr beide H\u00e4nde.<\/li>\n<li>Dank seiner weichen Struktur und hohen Elastizit\u00e4t liegt es perfekt in der Hand.<\/li>\n<li>Dank seiner Struktur bietet er zus\u00e4tzlichen Schutz f\u00fcr riskante Arbeiten.<\/li>\n<li>Er kann Lebensmittel ber\u00fchren.<\/li>\n<li>Er ist an den Fingerspitzen rau. Auf diese Weise erh\u00f6ht es die Haltef\u00e4higkeit und bietet Komfort bei sensiblen Arbeiten. 50 Schachteln sind in Schachteln zu 1000 St\u00fcck. <\/li>\n<\/ul>\n<\/div>\n","protected":false},"featured_media":16542,"template":"","meta":[],"product_cat":[4347],"product_tag":[4351,4414,4349,4372,4426],"class_list":{"0":"post-16549","1":"product","2":"type-product","3":"status-publish","4":"has-post-thumbnail","6":"product_cat-handschuhe","7":"product_tag-benutzen-und-wegwerfen","8":"product_tag-dick","9":"product_tag-handschuhe","10":"product_tag-nitril-de","11":"product_tag-orange","13":"first","14":"instock","15":"taxable","16":"shipping-taxable","17":"product-type-simple"},"_links":{"self":[{"href":"https:\/\/www.fenixkurumsal.com.tr\/de\/wp-json\/wp\/v2\/product\/16549","targetHints":{"allow":["GET"]}}],"collection":[{"href":"https:\/\/www.fenixkurumsal.com.tr\/de\/wp-json\/wp\/v2\/product"}],"about":[{"href":"https:\/\/www.fenixkurumsal.com.tr\/de\/wp-json\/wp\/v2\/types\/product"}],"wp:featuredmedia":[{"embeddable":true,"href":"https:\/\/www.fenixkurumsal.com.tr\/de\/wp-json\/wp\/v2\/media\/16542"}],"wp:attachment":[{"href":"https:\/\/www.fenixkurumsal.com.tr\/de\/wp-json\/wp\/v2\/media?parent=16549"}],"wp:term":[{"taxonomy":"product_cat","embeddable":true,"href":"https:\/\/www.fenixkurumsal.com.tr\/de\/wp-json\/wp\/v2\/product_cat?post=16549"},{"taxonomy":"product_tag","embeddable":true,"href":"https:\/\/www.fenixkurumsal.com.tr\/de\/wp-json\/wp\/v2\/product_tag?post=16549"}],"curies":[{"name":"wp","href":"https:\/\/api.w.org\/{rel}","templated":true}]}}