{"id":16607,"date":"2025-05-07T15:05:26","date_gmt":"2025-05-07T12:05:26","guid":{"rendered":"https:\/\/fenixkurumsal.com.tr\/product\/80x110-jumbo-groesse-muellbeutel\/"},"modified":"2025-05-07T15:05:26","modified_gmt":"2025-05-07T12:05:26","slug":"80x110-jumbo-groesse-muellbeutel","status":"publish","type":"product","link":"https:\/\/www.fenixkurumsal.com.tr\/de\/produkt\/80x110-jumbo-groesse-muellbeutel\/","title":{"rendered":"80&#215;110 Jumbo Gr\u00f6\u00dfe M\u00fcllbeutel"},"content":{"rendered":"","protected":false},"excerpt":{"rendered":"","protected":false},"featured_media":16578,"template":"","meta":[],"product_cat":[4329],"product_tag":[4508,4507,4457,4450,4453],"class_list":{"0":"post-16607","1":"product","2":"type-product","3":"status-publish","4":"has-post-thumbnail","6":"product_cat-mullsacke","7":"product_tag-80110-de","8":"product_tag-jumbo-de","9":"product_tag-mullsack-de","10":"product_tag-mullsack","11":"product_tag-rolle","13":"first","14":"instock","15":"taxable","16":"shipping-taxable","17":"product-type-simple"},"_links":{"self":[{"href":"https:\/\/www.fenixkurumsal.com.tr\/de\/wp-json\/wp\/v2\/product\/16607","targetHints":{"allow":["GET"]}}],"collection":[{"href":"https:\/\/www.fenixkurumsal.com.tr\/de\/wp-json\/wp\/v2\/product"}],"about":[{"href":"https:\/\/www.fenixkurumsal.com.tr\/de\/wp-json\/wp\/v2\/types\/product"}],"wp:featuredmedia":[{"embeddable":true,"href":"https:\/\/www.fenixkurumsal.com.tr\/de\/wp-json\/wp\/v2\/media\/16578"}],"wp:attachment":[{"href":"https:\/\/www.fenixkurumsal.com.tr\/de\/wp-json\/wp\/v2\/media?parent=16607"}],"wp:term":[{"taxonomy":"product_cat","embeddable":true,"href":"https:\/\/www.fenixkurumsal.com.tr\/de\/wp-json\/wp\/v2\/product_cat?post=16607"},{"taxonomy":"product_tag","embeddable":true,"href":"https:\/\/www.fenixkurumsal.com.tr\/de\/wp-json\/wp\/v2\/product_tag?post=16607"}],"curies":[{"name":"wp","href":"https:\/\/api.w.org\/{rel}","templated":true}]}}