{"id":13594,"date":"2025-04-16T11:39:18","date_gmt":"2025-04-16T08:39:18","guid":{"rendered":"https:\/\/fenixkurumsal.com.tr\/product\/bol-a-soupe-16-oz-en-pp-couvercle\/"},"modified":"2025-04-16T11:39:18","modified_gmt":"2025-04-16T08:39:18","slug":"bol-a-soupe-16-oz-en-pp-couvercle","status":"publish","type":"product","link":"https:\/\/www.fenixkurumsal.com.tr\/fr\/produit\/bol-a-soupe-16-oz-en-pp-couvercle\/","title":{"rendered":"Bol \u00e0 soupe 16 oz en PP + couvercle"},"content":{"rendered":"","protected":false},"excerpt":{"rendered":"<h5>Caract\u00e9ristiques du bol \u00e0 soupe<\/h5>\n<ul>\n<li>Volume 16 OZ<\/li>\n<li>En paquet 25\u00d720 (500 pi\u00e8ces)<\/li>\n<li>Mat\u00e9riau PP<\/li>\n<li>Dimensions du produit : 116*92*75 mm<\/li>\n<\/ul>\n<h5><strong>Caract\u00e9ristiques du couvercle de bol \u00e0 soupe<\/strong><\/h5>\n<ul>\n<li>En paquet 50\u00d710 (500 pi\u00e8ces)<\/li>\n<li>Mat\u00e9riau PP<\/li>\n<li>Dimensions du produit : 116*83*138 mm<\/li>\n<\/ul>\n","protected":false},"featured_media":13066,"template":"","meta":[],"product_cat":[1123,1169],"product_tag":[1166,1168,1167,1088,1086],"class_list":{"0":"post-13594","1":"product","2":"type-product","3":"status-publish","4":"has-post-thumbnail","6":"product_cat-contenants-alimentaires-en-plastique","7":"product_cat-contenants-micro-ondables","8":"product_tag-16oz-fr","9":"product_tag-bol-a-soupe","10":"product_tag-couvrir","11":"product_tag-noir","12":"product_tag-pp-fr","14":"first","15":"instock","16":"taxable","17":"shipping-taxable","18":"product-type-simple"},"_links":{"self":[{"href":"https:\/\/www.fenixkurumsal.com.tr\/fr\/wp-json\/wp\/v2\/product\/13594","targetHints":{"allow":["GET"]}}],"collection":[{"href":"https:\/\/www.fenixkurumsal.com.tr\/fr\/wp-json\/wp\/v2\/product"}],"about":[{"href":"https:\/\/www.fenixkurumsal.com.tr\/fr\/wp-json\/wp\/v2\/types\/product"}],"wp:featuredmedia":[{"embeddable":true,"href":"https:\/\/www.fenixkurumsal.com.tr\/fr\/wp-json\/wp\/v2\/media\/13066"}],"wp:attachment":[{"href":"https:\/\/www.fenixkurumsal.com.tr\/fr\/wp-json\/wp\/v2\/media?parent=13594"}],"wp:term":[{"taxonomy":"product_cat","embeddable":true,"href":"https:\/\/www.fenixkurumsal.com.tr\/fr\/wp-json\/wp\/v2\/product_cat?post=13594"},{"taxonomy":"product_tag","embeddable":true,"href":"https:\/\/www.fenixkurumsal.com.tr\/fr\/wp-json\/wp\/v2\/product_tag?post=13594"}],"curies":[{"name":"wp","href":"https:\/\/api.w.org\/{rel}","templated":true}]}}