{"id":13604,"date":"2025-04-16T11:53:45","date_gmt":"2025-04-16T08:53:45","guid":{"rendered":"https:\/\/fenixkurumsal.com.tr\/product\/recipient-de-service-alimentaire-a-2-compartiments\/"},"modified":"2025-04-16T11:53:45","modified_gmt":"2025-04-16T08:53:45","slug":"recipient-de-service-alimentaire-a-2-compartiments","status":"publish","type":"product","link":"https:\/\/www.fenixkurumsal.com.tr\/fr\/produit\/recipient-de-service-alimentaire-a-2-compartiments\/","title":{"rendered":"R\u00e9cipient de service alimentaire \u00e0 2 compartiments"},"content":{"rendered":"","protected":false},"excerpt":{"rendered":"<h5><strong>Caract\u00e9ristiques des conteneurs de service alimentaire<\/strong><\/h5>\n<ul>\n<li>En colis 50X4 (200 pi\u00e8ces)<\/li>\n<li>Mat\u00e9riau PP<\/li>\n<li>Dimensions du produit : 240*205*43 mm<\/li>\n<\/ul>\n<h5><strong>Couvercle de r\u00e9cipient de service alimentaire Caract\u00e9ristiques<\/strong><\/h5>\n<ul>\n<li>En paquet 50\u00d74 (200 pi\u00e8ces)<\/li>\n<li>Mat\u00e9riau PP<\/li>\n<li>Dimensions du produit : 240*210*30 mm<\/li>\n<\/ul>\n","protected":false},"featured_media":13073,"template":"","meta":[],"product_cat":[1123,1169],"product_tag":[1194,1196,1190,1192,1088],"class_list":{"0":"post-13604","1":"product","2":"type-product","3":"status-publish","4":"has-post-thumbnail","6":"product_cat-contenants-alimentaires-en-plastique","7":"product_cat-contenants-micro-ondables","8":"product_tag-2-compartiments","9":"product_tag-bol-de-service","10":"product_tag-conteneur-alimentaire","11":"product_tag-deux-compartiments","12":"product_tag-noir","14":"first","15":"instock","16":"taxable","17":"shipping-taxable","18":"product-type-simple"},"_links":{"self":[{"href":"https:\/\/www.fenixkurumsal.com.tr\/fr\/wp-json\/wp\/v2\/product\/13604","targetHints":{"allow":["GET"]}}],"collection":[{"href":"https:\/\/www.fenixkurumsal.com.tr\/fr\/wp-json\/wp\/v2\/product"}],"about":[{"href":"https:\/\/www.fenixkurumsal.com.tr\/fr\/wp-json\/wp\/v2\/types\/product"}],"wp:featuredmedia":[{"embeddable":true,"href":"https:\/\/www.fenixkurumsal.com.tr\/fr\/wp-json\/wp\/v2\/media\/13073"}],"wp:attachment":[{"href":"https:\/\/www.fenixkurumsal.com.tr\/fr\/wp-json\/wp\/v2\/media?parent=13604"}],"wp:term":[{"taxonomy":"product_cat","embeddable":true,"href":"https:\/\/www.fenixkurumsal.com.tr\/fr\/wp-json\/wp\/v2\/product_cat?post=13604"},{"taxonomy":"product_tag","embeddable":true,"href":"https:\/\/www.fenixkurumsal.com.tr\/fr\/wp-json\/wp\/v2\/product_tag?post=13604"}],"curies":[{"name":"wp","href":"https:\/\/api.w.org\/{rel}","templated":true}]}}