{"id":15411,"date":"2025-04-15T11:41:39","date_gmt":"2025-04-15T08:41:39","guid":{"rendered":"https:\/\/fenixkurumsal.com.tr\/product\/seau-a-mais-souffle-de-85-oz\/"},"modified":"2025-04-15T11:41:39","modified_gmt":"2025-04-15T08:41:39","slug":"seau-a-mais-souffle-de-85-oz","status":"publish","type":"product","link":"https:\/\/www.fenixkurumsal.com.tr\/fr\/produit\/seau-a-mais-souffle-de-85-oz\/","title":{"rendered":"Seau \u00e0 ma\u00efs souffl\u00e9 de 85 oz"},"content":{"rendered":"","protected":false},"excerpt":{"rendered":"<div class=\"row\">\n<div class=\"col-12 col-xl-3 col-lg-3\">Volume (cc) : 2500 cc<\/div>\n<\/div>\n<div class=\"row\">\n<div class=\"col-12 col-xl-3 col-lg-3\">Diam\u00e8tre de la base : 125 mm<\/div>\n<\/div>\n<div class=\"row\">\n<div class=\"col-12 col-xl-3 col-lg-3\">Diam\u00e8tre de l&#8217;embouchure : 170 mm<\/div>\n<\/div>\n<div class=\"row\">\n<div class=\"col-12 col-xl-3 col-lg-3\">Hauteur : 160 mm<\/div>\n<\/div>\n","protected":false},"featured_media":12737,"template":"","meta":[],"product_cat":[3015,3040],"product_tag":[3890,3896,3881],"class_list":{"0":"post-15411","1":"product","2":"type-product","3":"status-publish","4":"has-post-thumbnail","6":"product_cat-produits-en-papier","7":"product_cat-seaux-en-carton","8":"product_tag-85oz-fr","9":"product_tag-seau-a-mais","10":"product_tag-seau-a-pop-corn","12":"first","13":"instock","14":"taxable","15":"shipping-taxable","16":"product-type-simple"},"_links":{"self":[{"href":"https:\/\/www.fenixkurumsal.com.tr\/fr\/wp-json\/wp\/v2\/product\/15411","targetHints":{"allow":["GET"]}}],"collection":[{"href":"https:\/\/www.fenixkurumsal.com.tr\/fr\/wp-json\/wp\/v2\/product"}],"about":[{"href":"https:\/\/www.fenixkurumsal.com.tr\/fr\/wp-json\/wp\/v2\/types\/product"}],"wp:featuredmedia":[{"embeddable":true,"href":"https:\/\/www.fenixkurumsal.com.tr\/fr\/wp-json\/wp\/v2\/media\/12737"}],"wp:attachment":[{"href":"https:\/\/www.fenixkurumsal.com.tr\/fr\/wp-json\/wp\/v2\/media?parent=15411"}],"wp:term":[{"taxonomy":"product_cat","embeddable":true,"href":"https:\/\/www.fenixkurumsal.com.tr\/fr\/wp-json\/wp\/v2\/product_cat?post=15411"},{"taxonomy":"product_tag","embeddable":true,"href":"https:\/\/www.fenixkurumsal.com.tr\/fr\/wp-json\/wp\/v2\/product_tag?post=15411"}],"curies":[{"name":"wp","href":"https:\/\/api.w.org\/{rel}","templated":true}]}}