{"id":15776,"date":"2025-04-15T14:23:13","date_gmt":"2025-04-15T11:23:13","guid":{"rendered":"https:\/\/fenixkurumsal.com.tr\/product\/bol-a-creme-glacee-14-oz\/"},"modified":"2025-04-15T14:23:13","modified_gmt":"2025-04-15T11:23:13","slug":"bol-a-creme-glacee-14-oz","status":"publish","type":"product","link":"https:\/\/www.fenixkurumsal.com.tr\/fr\/produit\/bol-a-creme-glacee-14-oz\/","title":{"rendered":"Bol \u00e0 cr\u00e8me glac\u00e9e 14 oz"},"content":{"rendered":"","protected":false},"excerpt":{"rendered":"<div class=\"row\">\n<div class=\"col-12 col-xl-3 col-lg-3\">Diam\u00e8tre de la base : 110 mm<\/div>\n<\/div>\n<div class=\"row\">\n<div class=\"col-12 col-xl-3 col-lg-3\">Diam\u00e8tre de l&#8217;embouchure : 96 mm<\/div>\n<\/div>\n<div class=\"row\">\n<div class=\"col-12 col-xl-3 col-lg-3\">Hauteur : 58 mm<\/div>\n<\/div>\n","protected":false},"featured_media":12810,"template":"","meta":[],"product_cat":[3020,3015],"product_tag":[1165,3858,3860,3862],"class_list":{"0":"post-15776","1":"product","2":"type-product","3":"status-publish","4":"has-post-thumbnail","6":"product_cat-bol-a-glace","7":"product_cat-produits-en-papier","8":"product_tag-14oz-fr","9":"product_tag-bol-a-glace","10":"product_tag-bol-a-glace-en-carton","11":"product_tag-bol-a-glace-en-papier","13":"first","14":"instock","15":"taxable","16":"shipping-taxable","17":"product-type-simple"},"_links":{"self":[{"href":"https:\/\/www.fenixkurumsal.com.tr\/fr\/wp-json\/wp\/v2\/product\/15776","targetHints":{"allow":["GET"]}}],"collection":[{"href":"https:\/\/www.fenixkurumsal.com.tr\/fr\/wp-json\/wp\/v2\/product"}],"about":[{"href":"https:\/\/www.fenixkurumsal.com.tr\/fr\/wp-json\/wp\/v2\/types\/product"}],"wp:featuredmedia":[{"embeddable":true,"href":"https:\/\/www.fenixkurumsal.com.tr\/fr\/wp-json\/wp\/v2\/media\/12810"}],"wp:attachment":[{"href":"https:\/\/www.fenixkurumsal.com.tr\/fr\/wp-json\/wp\/v2\/media?parent=15776"}],"wp:term":[{"taxonomy":"product_cat","embeddable":true,"href":"https:\/\/www.fenixkurumsal.com.tr\/fr\/wp-json\/wp\/v2\/product_cat?post=15776"},{"taxonomy":"product_tag","embeddable":true,"href":"https:\/\/www.fenixkurumsal.com.tr\/fr\/wp-json\/wp\/v2\/product_tag?post=15776"}],"curies":[{"name":"wp","href":"https:\/\/api.w.org\/{rel}","templated":true}]}}