{"id":16432,"date":"2025-05-06T17:06:48","date_gmt":"2025-05-06T14:06:48","guid":{"rendered":"https:\/\/fenixkurumsal.com.tr\/product\/gant-en-latex-poudre\/"},"modified":"2026-02-23T10:32:33","modified_gmt":"2026-02-23T07:32:33","slug":"gant-en-latex-poudre","status":"publish","type":"product","link":"https:\/\/www.fenixkurumsal.com.tr\/fr\/produit\/gant-en-latex-poudre\/","title":{"rendered":"Gant en latex poudre"},"content":{"rendered":"","protected":false},"excerpt":{"rendered":"<div id=\"info\" class=\"products_tabs_contents active\">\n<h6>Caract\u00e9ristiques des Gant en Latex Poudre de Haute Qualit\u00e9<\/h6>\n<ul>\n<li>Fabriqu\u00e9 en caoutchouc naturel.<\/li>\n<li>Non st\u00e9rile.<\/li>\n<li>Gr\u00e2ce \u00e0 sa structure en poudre, il r\u00e9duit la transpiration et est facile \u00e0 porter.<\/li>\n<li>Couleur blanche naturelle.<\/li>\n<li>A usage unique.<\/li>\n<li>Convient aux deux mains.<\/li>\n<li>Il s&rsquo;adapte parfaitement \u00e0 la main gr\u00e2ce \u00e0 sa structure souple et \u00e0 sa grande \u00e9lasticit\u00e9.<\/li>\n<li>Il offre une protection dans tous les travaux d&rsquo;usage g\u00e9n\u00e9ral.<\/li>\n<li>En bo\u00eetes de 100 et en paquets de 2000.<\/li>\n<li>Il est couvert par l&rsquo;EPI (\u00e9quipement de protection individuelle) dans les normes <a href=\"https:\/\/www.satra.com\/ppe\/EN21420.php\">EN21420<\/a>.<\/li>\n<\/ul>\n<p data-path-to-node=\"15,0\"><b data-path-to-node=\"15,0\" data-index-in-node=\"0\">Avantages de nos gants en latex professionnels<\/b> Nos <b data-path-to-node=\"15,0\" data-index-in-node=\"51\">gants en latex poudr\u00e9s<\/b> sont le choix id\u00e9al pour ceux qui recherchent une protection fiable sans compromettre la sensibilit\u00e9 tactile. Gr\u00e2ce \u00e0 leur excellente \u00e9lasticit\u00e9, ils s&rsquo;adaptent parfaitement \u00e0 la main, r\u00e9duisant la fatigue lors d&rsquo;une utilisation prolong\u00e9e dans les environnements m\u00e9dicaux, alimentaires ou industriels.<\/p>\n<p data-path-to-node=\"15,1\"><b data-path-to-node=\"15,1\" data-index-in-node=\"0\">Secteurs d&rsquo;activit\u00e9 recommand\u00e9s :<\/b><\/p>\n<ul data-path-to-node=\"15,2\">\n<li>\n<p data-path-to-node=\"15,2,0,0\"><b data-path-to-node=\"15,2,0,0\" data-index-in-node=\"0\">Secteur de la sant\u00e9 :<\/b> Id\u00e9al pour les examens m\u00e9dicaux non st\u00e9riles.<\/p>\n<\/li>\n<li>\n<p data-path-to-node=\"15,2,1,0\"><b data-path-to-node=\"15,2,1,0\" data-index-in-node=\"0\">Industrie alimentaire :<\/b> Protection s\u00fbre pour la manipulation des aliments.<\/p>\n<\/li>\n<li>\n<p data-path-to-node=\"15,2,2,0\"><b data-path-to-node=\"15,2,2,0\" data-index-in-node=\"0\">Nettoyage et entretien :<\/b> Durable et pratique pour les t\u00e2ches quotidiennes.<\/p>\n<\/li>\n<\/ul>\n<p data-path-to-node=\"15,3\">Pour les commandes en gros de nos gant en latex poudr\u00e9s premium, veuillez contacter notre \u00e9quipe commerciale pour obtenir les meilleurs prix de gros.<\/p>\n<p data-path-to-node=\"15,3\"><a href=\"https:\/\/www.fenixkurumsal.com.tr\/fr\/contact\/\">Contact<\/a><\/p>\n<\/div>\n","protected":false},"featured_media":16812,"template":"","meta":[],"product_cat":[4338],"product_tag":[4344,4342,4339,4346],"class_list":{"0":"post-16432","1":"product","2":"type-product","3":"status-publish","4":"has-post-thumbnail","6":"product_cat-gants","7":"product_tag-en-poudre","8":"product_tag-gants","9":"product_tag-latex","10":"product_tag-utilisez-le-et-jetez-le","12":"first","13":"instock","14":"taxable","15":"shipping-taxable","16":"product-type-simple"},"_links":{"self":[{"href":"https:\/\/www.fenixkurumsal.com.tr\/fr\/wp-json\/wp\/v2\/product\/16432","targetHints":{"allow":["GET"]}}],"collection":[{"href":"https:\/\/www.fenixkurumsal.com.tr\/fr\/wp-json\/wp\/v2\/product"}],"about":[{"href":"https:\/\/www.fenixkurumsal.com.tr\/fr\/wp-json\/wp\/v2\/types\/product"}],"wp:featuredmedia":[{"embeddable":true,"href":"https:\/\/www.fenixkurumsal.com.tr\/fr\/wp-json\/wp\/v2\/media\/16812"}],"wp:attachment":[{"href":"https:\/\/www.fenixkurumsal.com.tr\/fr\/wp-json\/wp\/v2\/media?parent=16432"}],"wp:term":[{"taxonomy":"product_cat","embeddable":true,"href":"https:\/\/www.fenixkurumsal.com.tr\/fr\/wp-json\/wp\/v2\/product_cat?post=16432"},{"taxonomy":"product_tag","embeddable":true,"href":"https:\/\/www.fenixkurumsal.com.tr\/fr\/wp-json\/wp\/v2\/product_tag?post=16432"}],"curies":[{"name":"wp","href":"https:\/\/api.w.org\/{rel}","templated":true}]}}