{"id":16511,"date":"2025-05-06T17:52:19","date_gmt":"2025-05-06T14:52:19","guid":{"rendered":"https:\/\/fenixkurumsal.com.tr\/product\/gants-bleus-sans-poudre-en-vinyle\/"},"modified":"2025-05-06T17:52:19","modified_gmt":"2025-05-06T14:52:19","slug":"gants-bleus-sans-poudre-en-vinyle","status":"publish","type":"product","link":"https:\/\/www.fenixkurumsal.com.tr\/fr\/produit\/gants-bleus-sans-poudre-en-vinyle\/","title":{"rendered":"Gants bleus sans poudre en vinyle"},"content":{"rendered":"","protected":false},"excerpt":{"rendered":"<div id=\"info\" class=\"products_tabs_contents active\">\n<ul>\n<li>Id\u00e9al pour les utilisateurs allergiques car il ne contient pas de latex naturel.<\/li>\n<li>Sans poudre.<\/li>\n<li>Non st\u00e9rile.<\/li>\n<li>Gr\u00e2ce \u00e0 sa couleur bleue, il augmente l&rsquo;attention et la prise de conscience.<\/li>\n<li>A usage unique.<\/li>\n<li>Convient aux deux mains.<\/li>\n<li>Il est durable gr\u00e2ce \u00e0 la structure des mati\u00e8res premi\u00e8res.<\/li>\n<li>Assure une protection g\u00e9n\u00e9rale pour tous les travaux.<\/li>\n<li>Il peut toucher les aliments dans certaines conditions.<\/li>\n<li>Les produits de type cire sont id\u00e9aux pour un usage cosm\u00e9tique car ils ne collent pas.<\/li>\n<li>En bo\u00eetes de 100 et en paquets de 2000<\/li>\n<li>Il est couvert par l&rsquo;EPI (\u00e9quipement de protection individuelle) dans les normes EN21420.<\/li>\n<\/ul>\n<\/div>\n","protected":false},"featured_media":16504,"template":"","meta":[],"product_cat":[4338],"product_tag":[4382,4342,4365,4346,4399],"class_list":{"0":"post-16511","1":"product","2":"type-product","3":"status-publish","4":"has-post-thumbnail","6":"product_cat-gants","7":"product_tag-bleu","8":"product_tag-gants","9":"product_tag-sans-poudre","10":"product_tag-utilisez-le-et-jetez-le","11":"product_tag-vinyle","13":"first","14":"instock","15":"taxable","16":"shipping-taxable","17":"product-type-simple"},"_links":{"self":[{"href":"https:\/\/www.fenixkurumsal.com.tr\/fr\/wp-json\/wp\/v2\/product\/16511","targetHints":{"allow":["GET"]}}],"collection":[{"href":"https:\/\/www.fenixkurumsal.com.tr\/fr\/wp-json\/wp\/v2\/product"}],"about":[{"href":"https:\/\/www.fenixkurumsal.com.tr\/fr\/wp-json\/wp\/v2\/types\/product"}],"wp:featuredmedia":[{"embeddable":true,"href":"https:\/\/www.fenixkurumsal.com.tr\/fr\/wp-json\/wp\/v2\/media\/16504"}],"wp:attachment":[{"href":"https:\/\/www.fenixkurumsal.com.tr\/fr\/wp-json\/wp\/v2\/media?parent=16511"}],"wp:term":[{"taxonomy":"product_cat","embeddable":true,"href":"https:\/\/www.fenixkurumsal.com.tr\/fr\/wp-json\/wp\/v2\/product_cat?post=16511"},{"taxonomy":"product_tag","embeddable":true,"href":"https:\/\/www.fenixkurumsal.com.tr\/fr\/wp-json\/wp\/v2\/product_tag?post=16511"}],"curies":[{"name":"wp","href":"https:\/\/api.w.org\/{rel}","templated":true}]}}