{"id":9115,"date":"2025-02-28T19:43:00","date_gmt":"2025-02-28T19:43:00","guid":{"rendered":"https:\/\/fenixkurumsal.com.tr\/?page_id=9115"},"modified":"2026-03-17T12:37:11","modified_gmt":"2026-03-17T09:37:11","slug":"hakkimizda","status":"publish","type":"page","link":"https:\/\/www.fenixkurumsal.com.tr\/tr\/hakkimizda\/","title":{"rendered":"Hakk\u0131m\u0131zda"},"content":{"rendered":"\t\t<div data-elementor-type=\"wp-page\" data-elementor-id=\"9115\" class=\"elementor elementor-9115\">\n\t\t\t\t<div class=\"elementor-element elementor-element-3ecf748 e-flex e-con-boxed e-con e-parent\" data-id=\"3ecf748\" data-element_type=\"container\" data-e-type=\"container\" data-settings=\"{&quot;background_background&quot;:&quot;classic&quot;}\">\n\t\t\t\t\t<div class=\"e-con-inner\">\n\t\t\t\t<div class=\"elementor-element elementor-element-dec8f13 elementor-widget elementor-widget-heading\" data-id=\"dec8f13\" data-element_type=\"widget\" data-e-type=\"widget\" data-widget_type=\"heading.default\">\n\t\t\t\t\t<h2 class=\"elementor-heading-title elementor-size-default\">Gelece\u011fin Tedarik Zincirini Bug\u00fcnden \u0130n\u015fa Ediyoruz.<\/h2>\t\t\t\t<\/div>\n\t\t\t\t\t<\/div>\n\t\t\t\t<\/div>\n\t\t<div class=\"elementor-element elementor-element-7fd07d6 e-flex e-con-boxed e-con e-parent\" data-id=\"7fd07d6\" data-element_type=\"container\" data-e-type=\"container\">\n\t\t\t\t\t<div class=\"e-con-inner\">\n\t\t<div class=\"elementor-element elementor-element-6520312 e-con-full e-flex e-con e-child\" data-id=\"6520312\" data-element_type=\"container\" data-e-type=\"container\" data-settings=\"{&quot;background_background&quot;:&quot;classic&quot;}\">\n\t\t\t\t<div class=\"elementor-element elementor-element-7a5b61b elementor-view-framed elementor-shape-square elementor-position-left elementor-vertical-align-middle elementor-grid-1 elementor-mobile-position-top elementor-pagination-style-1 elementor-widget elementor-widget-bocpak-iconbox-list\" data-id=\"7a5b61b\" data-element_type=\"widget\" data-e-type=\"widget\" data-settings=\"{&quot;column&quot;:&quot;1&quot;,&quot;column_spacing&quot;:{&quot;unit&quot;:&quot;px&quot;,&quot;size&quot;:30,&quot;sizes&quot;:[]}}\" data-widget_type=\"bocpak-iconbox-list.default\">\n\t\t\t\t<div class=\"elementor-widget-container\">\n\t\t\t\t\t            <div class=\"elementor-iconbox-list-wrapper bocpak-wrapper\">\n                <div class=\"bocpak-con\">\n                    <div class=\"bocpak-con-inner elementor-grid\">\n                                                    <div >\n                                <div class=\"elementor-iconbox-list-wrapper\">\n                                                                        <div class=\"elementor-iconbox-list-icon\">\n                                        <span  class=\"elementor-icon elementor-animation-\" tabindex=\"-1\">\n                                        <svg aria-hidden=\"true\" class=\"e-font-icon-svg e-fas-box\" viewBox=\"0 0 512 512\" xmlns=\"http:\/\/www.w3.org\/2000\/svg\"><path d=\"M509.5 184.6L458.9 32.8C452.4 13.2 434.1 0 413.4 0H272v192h238.7c-.4-2.5-.4-5-1.2-7.4zM240 0H98.6c-20.7 0-39 13.2-45.5 32.8L2.5 184.6c-.8 2.4-.8 4.9-1.2 7.4H240V0zM0 224v240c0 26.5 21.5 48 48 48h416c26.5 0 48-21.5 48-48V224H0z\"><\/path><\/svg>                                        <\/span>\n                                    <\/div>\n                                    \n                                                                        <div class=\"elementor-iconbox-list-content\">\n\n                                                                                    <h6 class=\"elementor-iconbox-list-title\">\n                                                <span  >\n                                                    500+                                                <\/span>\n                                            <\/h6>\n                                        \n                                                                                    <p class=\"elementor-iconbox-list-description\">\n                                                \u00dcr\u00fcn \u00c7e\u015fidi                                            <\/p>\n                                                                                \n                                        \n                                    <\/div>\n                                    \n                                <\/div>\n                            <\/div>\n                                            <\/div>\n                <\/div>\n\n                            <\/div>\n            \t\t\t\t<\/div>\n\t\t\t\t<\/div>\n\t\t\t\t<\/div>\n\t\t<div class=\"elementor-element elementor-element-6f48fef e-con-full e-flex e-con e-child\" data-id=\"6f48fef\" data-element_type=\"container\" data-e-type=\"container\" data-settings=\"{&quot;background_background&quot;:&quot;classic&quot;}\">\n\t\t\t\t<div class=\"elementor-element elementor-element-13ea76f elementor-view-framed elementor-shape-square elementor-position-left elementor-vertical-align-middle elementor-grid-1 elementor-mobile-position-top elementor-pagination-style-1 elementor-widget elementor-widget-bocpak-iconbox-list\" data-id=\"13ea76f\" data-element_type=\"widget\" data-e-type=\"widget\" data-settings=\"{&quot;column&quot;:&quot;1&quot;,&quot;column_spacing&quot;:{&quot;unit&quot;:&quot;px&quot;,&quot;size&quot;:30,&quot;sizes&quot;:[]}}\" data-widget_type=\"bocpak-iconbox-list.default\">\n\t\t\t\t<div class=\"elementor-widget-container\">\n\t\t\t\t\t            <div class=\"elementor-iconbox-list-wrapper bocpak-wrapper\">\n                <div class=\"bocpak-con\">\n                    <div class=\"bocpak-con-inner elementor-grid\">\n                                                    <div >\n                                <div class=\"elementor-iconbox-list-wrapper\">\n                                                                        <div class=\"elementor-iconbox-list-icon\">\n                                        <span  class=\"elementor-icon elementor-animation-\" tabindex=\"-1\">\n                                        <svg aria-hidden=\"true\" class=\"e-font-icon-svg e-fas-globe-africa\" viewBox=\"0 0 496 512\" xmlns=\"http:\/\/www.w3.org\/2000\/svg\"><path d=\"M248 8C111.03 8 0 119.03 0 256s111.03 248 248 248 248-111.03 248-248S384.97 8 248 8zm160 215.5v6.93c0 5.87-3.32 11.24-8.57 13.86l-15.39 7.7a15.485 15.485 0 0 1-15.53-.97l-18.21-12.14a15.52 15.52 0 0 0-13.5-1.81l-2.65.88c-9.7 3.23-13.66 14.79-7.99 23.3l13.24 19.86c2.87 4.31 7.71 6.9 12.89 6.9h8.21c8.56 0 15.5 6.94 15.5 15.5v11.34c0 3.35-1.09 6.62-3.1 9.3l-18.74 24.98c-1.42 1.9-2.39 4.1-2.83 6.43l-4.3 22.83c-.62 3.29-2.29 6.29-4.76 8.56a159.608 159.608 0 0 0-25 29.16l-13.03 19.55a27.756 27.756 0 0 1-23.09 12.36c-10.51 0-20.12-5.94-24.82-15.34a78.902 78.902 0 0 1-8.33-35.29V367.5c0-8.56-6.94-15.5-15.5-15.5h-25.88c-14.49 0-28.38-5.76-38.63-16a54.659 54.659 0 0 1-16-38.63v-14.06c0-17.19 8.1-33.38 21.85-43.7l27.58-20.69a54.663 54.663 0 0 1 32.78-10.93h.89c8.48 0 16.85 1.97 24.43 5.77l14.72 7.36c3.68 1.84 7.93 2.14 11.83.84l47.31-15.77c6.33-2.11 10.6-8.03 10.6-14.7 0-8.56-6.94-15.5-15.5-15.5h-10.09c-4.11 0-8.05-1.63-10.96-4.54l-6.92-6.92a15.493 15.493 0 0 0-10.96-4.54H199.5c-8.56 0-15.5-6.94-15.5-15.5v-4.4c0-7.11 4.84-13.31 11.74-15.04l14.45-3.61c3.74-.94 7-3.23 9.14-6.44l8.08-12.11c2.87-4.31 7.71-6.9 12.89-6.9h24.21c8.56 0 15.5-6.94 15.5-15.5v-21.7C359.23 71.63 422.86 131.02 441.93 208H423.5c-8.56 0-15.5 6.94-15.5 15.5z\"><\/path><\/svg>                                        <\/span>\n                                    <\/div>\n                                    \n                                                                        <div class=\"elementor-iconbox-list-content\">\n\n                                                                                    <h6 class=\"elementor-iconbox-list-title\">\n                                                <span  >\n                                                    K\u00fcresel                                                <\/span>\n                                            <\/h6>\n                                        \n                                                                                    <p class=\"elementor-iconbox-list-description\">\n                                                Tedarik A\u011f\u0131                                            <\/p>\n                                                                                \n                                        \n                                    <\/div>\n                                    \n                                <\/div>\n                            <\/div>\n                                            <\/div>\n                <\/div>\n\n                            <\/div>\n            \t\t\t\t<\/div>\n\t\t\t\t<\/div>\n\t\t\t\t<\/div>\n\t\t<div class=\"elementor-element elementor-element-fe61c2a e-con-full e-flex e-con e-child\" data-id=\"fe61c2a\" data-element_type=\"container\" data-e-type=\"container\" data-settings=\"{&quot;background_background&quot;:&quot;classic&quot;}\">\n\t\t\t\t<div class=\"elementor-element elementor-element-7240624 elementor-view-framed elementor-shape-square elementor-position-left elementor-vertical-align-middle elementor-grid-1 elementor-mobile-position-top elementor-pagination-style-1 elementor-widget elementor-widget-bocpak-iconbox-list\" data-id=\"7240624\" data-element_type=\"widget\" data-e-type=\"widget\" data-settings=\"{&quot;column&quot;:&quot;1&quot;,&quot;column_spacing&quot;:{&quot;unit&quot;:&quot;px&quot;,&quot;size&quot;:30,&quot;sizes&quot;:[]}}\" data-widget_type=\"bocpak-iconbox-list.default\">\n\t\t\t\t<div class=\"elementor-widget-container\">\n\t\t\t\t\t            <div class=\"elementor-iconbox-list-wrapper bocpak-wrapper\">\n                <div class=\"bocpak-con\">\n                    <div class=\"bocpak-con-inner elementor-grid\">\n                                                    <div >\n                                <div class=\"elementor-iconbox-list-wrapper\">\n                                                                        <div class=\"elementor-iconbox-list-icon\">\n                                        <span  class=\"elementor-icon elementor-animation-\" tabindex=\"-1\">\n                                        <svg aria-hidden=\"true\" class=\"e-font-icon-svg e-fas-handshake\" viewBox=\"0 0 640 512\" xmlns=\"http:\/\/www.w3.org\/2000\/svg\"><path d=\"M434.7 64h-85.9c-8 0-15.7 3-21.6 8.4l-98.3 90c-.1.1-.2.3-.3.4-16.6 15.6-16.3 40.5-2.1 56 12.7 13.9 39.4 17.6 56.1 2.7.1-.1.3-.1.4-.2l79.9-73.2c6.5-5.9 16.7-5.5 22.6 1 6 6.5 5.5 16.6-1 22.6l-26.1 23.9L504 313.8c2.9 2.4 5.5 5 7.9 7.7V128l-54.6-54.6c-5.9-6-14.1-9.4-22.6-9.4zM544 128.2v223.9c0 17.7 14.3 32 32 32h64V128.2h-96zm48 223.9c-8.8 0-16-7.2-16-16s7.2-16 16-16 16 7.2 16 16-7.2 16-16 16zM0 384h64c17.7 0 32-14.3 32-32V128.2H0V384zm48-63.9c8.8 0 16 7.2 16 16s-7.2 16-16 16-16-7.2-16-16c0-8.9 7.2-16 16-16zm435.9 18.6L334.6 217.5l-30 27.5c-29.7 27.1-75.2 24.5-101.7-4.4-26.9-29.4-24.8-74.9 4.4-101.7L289.1 64h-83.8c-8.5 0-16.6 3.4-22.6 9.4L128 128v223.9h18.3l90.5 81.9c27.4 22.3 67.7 18.1 90-9.3l.2-.2 17.9 15.5c15.9 13 39.4 10.5 52.3-5.4l31.4-38.6 5.4 4.4c13.7 11.1 33.9 9.1 45-4.7l9.5-11.7c11.2-13.8 9.1-33.9-4.6-45.1z\"><\/path><\/svg>                                        <\/span>\n                                    <\/div>\n                                    \n                                                                        <div class=\"elementor-iconbox-list-content\">\n\n                                                                                    <h6 class=\"elementor-iconbox-list-title\">\n                                                <span  >\n                                                    %100                                                <\/span>\n                                            <\/h6>\n                                        \n                                                                                    <p class=\"elementor-iconbox-list-description\">\n                                                Memnuniyet                                            <\/p>\n                                                                                \n                                        \n                                    <\/div>\n                                    \n                                <\/div>\n                            <\/div>\n                                            <\/div>\n                <\/div>\n\n                            <\/div>\n            \t\t\t\t<\/div>\n\t\t\t\t<\/div>\n\t\t\t\t<\/div>\n\t\t\t\t\t<\/div>\n\t\t\t\t<\/div>\n\t\t<div class=\"elementor-element elementor-element-600aee7 e-flex e-con-boxed e-con e-parent\" data-id=\"600aee7\" data-element_type=\"container\" data-e-type=\"container\">\n\t\t\t\t\t<div class=\"e-con-inner\">\n\t\t<div class=\"elementor-element elementor-element-cfb922d e-con-full e-flex e-con e-child\" data-id=\"cfb922d\" data-element_type=\"container\" data-e-type=\"container\">\n\t\t\t\t<div class=\"elementor-element elementor-element-b570432 elementor-widget elementor-widget-image\" data-id=\"b570432\" data-element_type=\"widget\" data-e-type=\"widget\" data-widget_type=\"image.default\">\n\t\t\t\t\t\t\t\t\t\t<div class=\"elementor-image\">\n\t\t\t\t\t\t\t\t                <div class=\"elementor-bocpak-bg-image\" ><\/div>\n\t\t\t\t<img fetchpriority=\"high\" decoding=\"async\" width=\"980\" height=\"548\" src=\"https:\/\/www.fenixkurumsal.com.tr\/wp-content\/uploads\/2026\/03\/Make-composition-of-single-use-takeway-products-1024x573.jpg\" class=\"attachment-large size-large wp-image-17036\" alt=\"\" srcset=\"https:\/\/www.fenixkurumsal.com.tr\/wp-content\/uploads\/2026\/03\/Make-composition-of-single-use-takeway-products-1024x573.jpg 1024w, https:\/\/www.fenixkurumsal.com.tr\/wp-content\/uploads\/2026\/03\/Make-composition-of-single-use-takeway-products-300x168.jpg 300w, https:\/\/www.fenixkurumsal.com.tr\/wp-content\/uploads\/2026\/03\/Make-composition-of-single-use-takeway-products-768x430.jpg 768w, https:\/\/www.fenixkurumsal.com.tr\/wp-content\/uploads\/2026\/03\/Make-composition-of-single-use-takeway-products-1536x860.jpg 1536w, https:\/\/www.fenixkurumsal.com.tr\/wp-content\/uploads\/2026\/03\/Make-composition-of-single-use-takeway-products-580x325.jpg 580w, https:\/\/www.fenixkurumsal.com.tr\/wp-content\/uploads\/2026\/03\/Make-composition-of-single-use-takeway-products.jpg 1600w\" sizes=\"(max-width: 980px) 100vw, 980px\">\t\t\t\t\t\t\t\t\t\t\t\t\t\t<\/div>\n\t\t\t\t\t\t\t\t<\/div>\n\t\t\t\t<\/div>\n\t\t<div class=\"elementor-element elementor-element-3ec5873 e-con-full e-flex e-con e-child\" data-id=\"3ec5873\" data-element_type=\"container\" data-e-type=\"container\">\n\t\t\t\t<div class=\"elementor-element elementor-element-fe1679a elementor-widget elementor-widget-heading\" data-id=\"fe1679a\" data-element_type=\"widget\" data-e-type=\"widget\" data-widget_type=\"heading.default\">\n\t\t\t\t\t<h5 class=\"elementor-heading-title elementor-size-default\">Biz Kimiz?<\/h5>\t\t\t\t<\/div>\n\t\t\t\t<div class=\"elementor-element elementor-element-1e86d8d elementor-widget elementor-widget-text-editor\" data-id=\"1e86d8d\" data-element_type=\"widget\" data-e-type=\"widget\" data-widget_type=\"text-editor.default\">\n\t\t\t\t\t\t\t\t\t<p data-path-to-node=\"6\">2025 y\u0131l\u0131nda kurulan Fenix Kurumsal, ambalaj ve hijyen end\u00fcstrisinde g\u00fcvenilir bir k\u00fcresel k\u00f6pr\u00fc olu\u015fturma vizyonuyla hayata ge\u00e7irilmi\u015ftir. Derin end\u00fcstri tecr\u00fcbemiz ve geni\u015f tedarik a\u011f\u0131m\u0131zla desteklenen yap\u0131m\u0131zla, binlerce \u00fcr\u00fcn\u00fc maksimum lojistik verimlilikle do\u011frudan kap\u0131n\u0131za getiriyoruz.<\/p><p data-path-to-node=\"7\">Ka\u011f\u0131t \u00fcr\u00fcnlerinden plastik g\u0131da kaplar\u0131na, end\u00fcstriyel temizlik malzemelerinden stre\u00e7 filmlere kadar geni\u015f bir yelpazede yan\u0131n\u0131zday\u0131z. Biz sadece tedarik\u00e7iniz de\u011fil, operasyonel s\u00fcre\u00e7lerinizi kolayla\u015ft\u0131rmak i\u00e7in burada olan stratejik orta\u011f\u0131n\u0131z\u0131z.<\/p><div id=\"simple-translate\" class=\"simple-translate-system-theme\"><div><div class=\"simple-translate-button isShow\" style=\"background-image: url('moz-extension:\/\/bdd1d79f-9e65-4b74-801b-e5b67674cc90\/icons\/512.png'); height: 22px; width: 22px; top: 149px; left: 85px;\">\u00a0<\/div><div class=\"simple-translate-panel \" style=\"width: 300px; height: 200px; top: 0px; left: 0px; font-size: 13px;\"><div class=\"simple-translate-result-wrapper\" style=\"overflow: hidden;\"><div class=\"simple-translate-move\" draggable=\"true\">\u00a0<\/div><div class=\"simple-translate-result-contents\"><p class=\"simple-translate-result\" dir=\"auto\">\u00a0<\/p><p class=\"simple-translate-candidate\" dir=\"auto\">\u00a0<\/p><\/div><\/div><\/div><\/div><\/div>\t\t\t\t\t\t\t\t<\/div>\n\t\t\t\t<\/div>\n\t\t\t\t\t<\/div>\n\t\t\t\t<\/div>\n\t\t<div class=\"elementor-element elementor-element-a0fb1d6 e-flex e-con-boxed e-con e-parent\" data-id=\"a0fb1d6\" data-element_type=\"container\" data-e-type=\"container\" data-settings=\"{&quot;background_background&quot;:&quot;classic&quot;}\">\n\t\t\t\t\t<div class=\"e-con-inner\">\n\t\t<div class=\"elementor-element elementor-element-45a330c e-con-full e-flex e-con e-child\" data-id=\"45a330c\" data-element_type=\"container\" data-e-type=\"container\" data-settings=\"{&quot;background_background&quot;:&quot;classic&quot;}\">\n\t\t\t\t<div class=\"elementor-element elementor-element-79abd9f elementor-view-default reverse-direction-no elementor-position-block-start elementor-mobile-position-block-start effects-gradient-number-no elementor-widget elementor-widget-icon-box\" data-id=\"79abd9f\" data-element_type=\"widget\" data-e-type=\"widget\" data-widget_type=\"icon-box.default\">\n\t\t\t\t\t    \t\t<div class=\"elementor-icon-box-wrapper\">\n    \t\t\t    \t\t\t<div class=\"elementor-icon-box-icon\">\n    \t\t\t\t<span class=\"elementor-icon elementor-animation-\" >\n    \t\t\t\t<svg aria-hidden=\"true\" class=\"e-font-icon-svg e-fas-bullseye\" viewBox=\"0 0 496 512\" xmlns=\"http:\/\/www.w3.org\/2000\/svg\"><path d=\"M248 8C111.03 8 0 119.03 0 256s111.03 248 248 248 248-111.03 248-248S384.97 8 248 8zm0 432c-101.69 0-184-82.29-184-184 0-101.69 82.29-184 184-184 101.69 0 184 82.29 184 184 0 101.69-82.29 184-184 184zm0-312c-70.69 0-128 57.31-128 128s57.31 128 128 128 128-57.31 128-128-57.31-128-128-128zm0 192c-35.29 0-64-28.71-64-64s28.71-64 64-64 64 28.71 64 64-28.71 64-64 64z\"><\/path><\/svg>\n\n\n\n    \t\t\t\t<\/span>\n\n    \t\t\t\t \n    \t\t\t<\/div>\n    \t\t\t    \t\t\t<div class=\"elementor-icon-box-content\">\n    \t\t\t\t<h3 class=\"elementor-icon-box-title\">\n    \t\t\t\t\t<span  >\n    \t\t\t\t\t\tMisyonumuz    \t\t\t\t\t<\/span>\n    \t\t\t\t<\/h3>\n    \t\t\t\t    \t\t\t\t\t<p class=\"elementor-icon-box-description\">\n    \t\t\t\t\t\tK\u00fcresel i\u015f ortaklar\u0131m\u0131z\u0131; y\u00fcksek kaliteli, s\u00fcrd\u00fcr\u00fclebilir ve maliyet etkin ambalaj ve hijyen \u00e7\u00f6z\u00fcmleri sunarak g\u00fc\u00e7lendirmek. Operasyonel m\u00fckemmellik ve sars\u0131lmaz bir g\u00fcvenilirlik ile tedarik zincirinizi kolayla\u015ft\u0131rmak i\u00e7in \u00e7al\u0131\u015f\u0131yoruz.    \t\t\t\t\t<\/p>\n    \t\t\t\t    \t\t\t<\/div>\n\n    \t\t<\/div>\n    \t\t\t\t\t\t<\/div>\n\t\t\t\t<\/div>\n\t\t<div class=\"elementor-element elementor-element-108d808 e-con-full e-flex e-con e-child\" data-id=\"108d808\" data-element_type=\"container\" data-e-type=\"container\">\n\t\t<div class=\"elementor-element elementor-element-9fd0d3f e-con-full e-flex e-con e-child\" data-id=\"9fd0d3f\" data-element_type=\"container\" data-e-type=\"container\" data-settings=\"{&quot;background_background&quot;:&quot;classic&quot;}\">\n\t\t\t\t<div class=\"elementor-element elementor-element-0a5c415 elementor-view-default reverse-direction-no elementor-position-block-start elementor-mobile-position-block-start effects-gradient-number-no elementor-widget elementor-widget-icon-box\" data-id=\"0a5c415\" data-element_type=\"widget\" data-e-type=\"widget\" data-widget_type=\"icon-box.default\">\n\t\t\t\t\t    \t\t<div class=\"elementor-icon-box-wrapper\">\n    \t\t\t    \t\t\t<div class=\"elementor-icon-box-icon\">\n    \t\t\t\t<span class=\"elementor-icon elementor-animation-\" >\n    \t\t\t\t<svg aria-hidden=\"true\" class=\"e-font-icon-svg e-fas-rocket\" viewBox=\"0 0 512 512\" xmlns=\"http:\/\/www.w3.org\/2000\/svg\"><path d=\"M505.12019,19.09375c-1.18945-5.53125-6.65819-11-12.207-12.1875C460.716,0,435.507,0,410.40747,0,307.17523,0,245.26909,55.20312,199.05238,128H94.83772c-16.34763.01562-35.55658,11.875-42.88664,26.48438L2.51562,253.29688A28.4,28.4,0,0,0,0,264a24.00867,24.00867,0,0,0,24.00582,24H127.81618l-22.47457,22.46875c-11.36521,11.36133-12.99607,32.25781,0,45.25L156.24582,406.625c11.15623,11.1875,32.15619,13.15625,45.27726,0l22.47457-22.46875V488a24.00867,24.00867,0,0,0,24.00581,24,28.55934,28.55934,0,0,0,10.707-2.51562l98.72834-49.39063c14.62888-7.29687,26.50776-26.5,26.50776-42.85937V312.79688c72.59753-46.3125,128.03493-108.40626,128.03493-211.09376C512.07526,76.5,512.07526,51.29688,505.12019,19.09375ZM384.04033,168A40,40,0,1,1,424.05,128,40.02322,40.02322,0,0,1,384.04033,168Z\"><\/path><\/svg>\n\n\n\n    \t\t\t\t<\/span>\n\n    \t\t\t\t \n    \t\t\t<\/div>\n    \t\t\t    \t\t\t<div class=\"elementor-icon-box-content\">\n    \t\t\t\t<h3 class=\"elementor-icon-box-title\">\n    \t\t\t\t\t<span  >\n    \t\t\t\t\t\tVizyonumuz    \t\t\t\t\t<\/span>\n    \t\t\t\t<\/h3>\n    \t\t\t\t    \t\t\t\t\t<p class=\"elementor-icon-box-description\">\n    \t\t\t\t\t\tAmbalaj sekt\u00f6r\u00fcnde inovasyon, verimlilik ve \u00e7evresel sorumluluk konular\u0131nda en y\u00fcksek standartlar\u0131 belirleyerek, d\u00fcnya \u00e7ap\u0131nda tan\u0131nan bir lider ve en g\u00fcvenilir i\u015f orta\u011f\u0131 olmak.    \t\t\t\t\t<\/p>\n    \t\t\t\t    \t\t\t<\/div>\n\n    \t\t<\/div>\n    \t\t\t\t\t\t<\/div>\n\t\t\t\t<\/div>\n\t\t\t\t<\/div>\n\t\t\t\t\t<\/div>\n\t\t\t\t<\/div>\n\t\t\t\t<\/div>\n\t\t","protected":false},"excerpt":{"rendered":"<p>Gelece\u011fin Tedarik Zincirini Bug\u00fcnden \u0130n\u015fa Ediyoruz. 500+ \u00dcr\u00fcn \u00c7e\u015fidi K\u00fcresel Tedarik A\u011f\u0131 %100 Memnuniyet Biz Kimiz? 2025 y\u0131l\u0131nda kurulan Fenix Kurumsal, ambalaj ve hijyen end\u00fcstrisinde g\u00fcvenilir bir k\u00fcresel k\u00f6pr\u00fc olu\u015fturma vizyonuyla hayata ge\u00e7irilmi\u015ftir. Derin end\u00fcstri tecr\u00fcbemiz ve geni\u015f tedarik a\u011f\u0131m\u0131zla desteklenen yap\u0131m\u0131zla, binlerce \u00fcr\u00fcn\u00fc maksimum lojistik verimlilikle do\u011frudan kap\u0131n\u0131za getiriyoruz. Ka\u011f\u0131t \u00fcr\u00fcnlerinden plastik g\u0131da kaplar\u0131na, [&hellip;]<\/p>\n","protected":false},"author":1,"featured_media":0,"parent":0,"menu_order":0,"comment_status":"closed","ping_status":"closed","template":"","meta":{"footnotes":""},"class_list":["post-9115","page","type-page","status-publish","hentry"],"_links":{"self":[{"href":"https:\/\/www.fenixkurumsal.com.tr\/tr\/wp-json\/wp\/v2\/pages\/9115","targetHints":{"allow":["GET"]}}],"collection":[{"href":"https:\/\/www.fenixkurumsal.com.tr\/tr\/wp-json\/wp\/v2\/pages"}],"about":[{"href":"https:\/\/www.fenixkurumsal.com.tr\/tr\/wp-json\/wp\/v2\/types\/page"}],"author":[{"embeddable":true,"href":"https:\/\/www.fenixkurumsal.com.tr\/tr\/wp-json\/wp\/v2\/users\/1"}],"replies":[{"embeddable":true,"href":"https:\/\/www.fenixkurumsal.com.tr\/tr\/wp-json\/wp\/v2\/comments?post=9115"}],"version-history":[{"count":0,"href":"https:\/\/www.fenixkurumsal.com.tr\/tr\/wp-json\/wp\/v2\/pages\/9115\/revisions"}],"wp:attachment":[{"href":"https:\/\/www.fenixkurumsal.com.tr\/tr\/wp-json\/wp\/v2\/media?parent=9115"}],"curies":[{"name":"wp","href":"https:\/\/api.w.org\/{rel}","templated":true}]}}