{"id":10370,"date":"2025-04-07T10:40:45","date_gmt":"2025-04-07T07:40:45","guid":{"rendered":"https:\/\/fenixkurumsal.com.tr\/?post_type=product&#038;p=10370"},"modified":"2025-04-07T10:44:57","modified_gmt":"2025-04-07T07:44:57","slug":"10370","status":"publish","type":"product","link":"https:\/\/www.fenixkurumsal.com.tr\/tr\/urun\/10370\/","title":{"rendered":"250 cc Kristal Bardak"},"content":{"rendered":"","protected":false},"excerpt":{"rendered":"<table>\n<tbody>\n<tr>\n<td>Hammadde<\/td>\n<td>PS<\/td>\n<\/tr>\n<tr>\n<td>\u00c7ap<\/td>\n<td>80&#215;102 mm<\/td>\n<\/tr>\n<tr>\n<td>Renk<\/td>\n<td>T, CT<\/td>\n<\/tr>\n<tr>\n<td>Po\u015fet \u0130\u00e7i Miktar<\/td>\n<td>25<\/td>\n<\/tr>\n<tr>\n<td>Koli \u0130\u00e7i Miktar<\/td>\n<td>1000<\/td>\n<\/tr>\n<\/tbody>\n<\/table>\n","protected":false},"featured_media":10371,"template":"","meta":[],"product_cat":[614,613],"product_tag":[625,624,621,615,620],"class_list":{"0":"post-10370","1":"product","2":"type-product","3":"status-publish","4":"has-post-thumbnail","6":"product_cat-kristal-bardaklar","7":"product_cat-plastik-bardaklar","8":"product_tag-250-cc","9":"product_tag-25cc","10":"product_tag-cup-bardak","11":"product_tag-kristal-bardak","12":"product_tag-kup-bardak","14":"first","15":"instock","16":"taxable","17":"shipping-taxable","18":"product-type-simple"},"_links":{"self":[{"href":"https:\/\/www.fenixkurumsal.com.tr\/tr\/wp-json\/wp\/v2\/product\/10370","targetHints":{"allow":["GET"]}}],"collection":[{"href":"https:\/\/www.fenixkurumsal.com.tr\/tr\/wp-json\/wp\/v2\/product"}],"about":[{"href":"https:\/\/www.fenixkurumsal.com.tr\/tr\/wp-json\/wp\/v2\/types\/product"}],"wp:featuredmedia":[{"embeddable":true,"href":"https:\/\/www.fenixkurumsal.com.tr\/tr\/wp-json\/wp\/v2\/media\/10371"}],"wp:attachment":[{"href":"https:\/\/www.fenixkurumsal.com.tr\/tr\/wp-json\/wp\/v2\/media?parent=10370"}],"wp:term":[{"taxonomy":"product_cat","embeddable":true,"href":"https:\/\/www.fenixkurumsal.com.tr\/tr\/wp-json\/wp\/v2\/product_cat?post=10370"},{"taxonomy":"product_tag","embeddable":true,"href":"https:\/\/www.fenixkurumsal.com.tr\/tr\/wp-json\/wp\/v2\/product_tag?post=10370"}],"curies":[{"name":"wp","href":"https:\/\/api.w.org\/{rel}","templated":true}]}}