{"id":10430,"date":"2025-04-07T11:58:30","date_gmt":"2025-04-07T08:58:30","guid":{"rendered":"https:\/\/fenixkurumsal.com.tr\/?post_type=product&#038;p=10430"},"modified":"2025-04-07T11:58:32","modified_gmt":"2025-04-07T08:58:32","slug":"100-cc-pp-bardak","status":"publish","type":"product","link":"https:\/\/www.fenixkurumsal.com.tr\/tr\/urun\/100-cc-pp-bardak\/","title":{"rendered":"100 cc PP Bardak"},"content":{"rendered":"","protected":false},"excerpt":{"rendered":"<table>\n<tbody>\n<tr>\n<td>Hammadde<\/td>\n<td>PP<\/td>\n<\/tr>\n<tr>\n<td>\u00c7ap<\/td>\n<td>58&#215;60 mm<\/td>\n<\/tr>\n<tr>\n<td>Renk<\/td>\n<td>T,WQ<\/td>\n<\/tr>\n<tr>\n<td>Po\u015fet \u0130\u00e7i Miktar<\/td>\n<td>100<\/td>\n<\/tr>\n<tr>\n<td>Koli \u0130\u00e7i Miktar<\/td>\n<td>4800<\/td>\n<\/tr>\n<\/tbody>\n<\/table>\n","protected":false},"featured_media":10431,"template":"","meta":[],"product_cat":[613,631],"product_tag":[636],"class_list":{"0":"post-10430","1":"product","2":"type-product","3":"status-publish","4":"has-post-thumbnail","6":"product_cat-plastik-bardaklar","7":"product_cat-termoform-bardaklar","8":"product_tag-100cc-plastik-bardak","10":"first","11":"instock","12":"taxable","13":"shipping-taxable","14":"product-type-simple"},"_links":{"self":[{"href":"https:\/\/www.fenixkurumsal.com.tr\/tr\/wp-json\/wp\/v2\/product\/10430","targetHints":{"allow":["GET"]}}],"collection":[{"href":"https:\/\/www.fenixkurumsal.com.tr\/tr\/wp-json\/wp\/v2\/product"}],"about":[{"href":"https:\/\/www.fenixkurumsal.com.tr\/tr\/wp-json\/wp\/v2\/types\/product"}],"wp:featuredmedia":[{"embeddable":true,"href":"https:\/\/www.fenixkurumsal.com.tr\/tr\/wp-json\/wp\/v2\/media\/10431"}],"wp:attachment":[{"href":"https:\/\/www.fenixkurumsal.com.tr\/tr\/wp-json\/wp\/v2\/media?parent=10430"}],"wp:term":[{"taxonomy":"product_cat","embeddable":true,"href":"https:\/\/www.fenixkurumsal.com.tr\/tr\/wp-json\/wp\/v2\/product_cat?post=10430"},{"taxonomy":"product_tag","embeddable":true,"href":"https:\/\/www.fenixkurumsal.com.tr\/tr\/wp-json\/wp\/v2\/product_tag?post=10430"}],"curies":[{"name":"wp","href":"https:\/\/api.w.org\/{rel}","templated":true}]}}