{"id":10656,"date":"2025-04-07T13:50:06","date_gmt":"2025-04-07T10:50:06","guid":{"rendered":"https:\/\/fenixkurumsal.com.tr\/?post_type=product&#038;p=10656"},"modified":"2025-04-07T13:50:08","modified_gmt":"2025-04-07T10:50:08","slug":"8-oz-take-away-sicak-kapak","status":"publish","type":"product","link":"https:\/\/www.fenixkurumsal.com.tr\/tr\/urun\/8-oz-take-away-sicak-kapak\/","title":{"rendered":"8 oz Take-Away S\u0131cak Kapak"},"content":{"rendered":"","protected":false},"excerpt":{"rendered":"<table>\n<tbody>\n<tr>\n<td>Hammadde<\/td>\n<td>PS<\/td>\n<\/tr>\n<tr>\n<td>\u00c7ap<\/td>\n<td>80&#215;20 mm<\/td>\n<\/tr>\n<tr>\n<td>Po\u015fet \u0130\u00e7i Miktar<\/td>\n<td>100<\/td>\n<\/tr>\n<tr>\n<td>Koli \u0130\u00e7i Miktar<\/td>\n<td>1000<\/td>\n<\/tr>\n<\/tbody>\n<\/table>\n","protected":false},"featured_media":10657,"template":"","meta":[],"product_cat":[653,613],"product_tag":[667,666,668],"class_list":{"0":"post-10656","1":"product","2":"type-product","3":"status-publish","4":"has-post-thumbnail","6":"product_cat-kapaklar","7":"product_cat-plastik-bardaklar","8":"product_tag-8oz","9":"product_tag-sicak-kapak","10":"product_tag-take-away","12":"first","13":"instock","14":"taxable","15":"shipping-taxable","16":"product-type-simple"},"_links":{"self":[{"href":"https:\/\/www.fenixkurumsal.com.tr\/tr\/wp-json\/wp\/v2\/product\/10656","targetHints":{"allow":["GET"]}}],"collection":[{"href":"https:\/\/www.fenixkurumsal.com.tr\/tr\/wp-json\/wp\/v2\/product"}],"about":[{"href":"https:\/\/www.fenixkurumsal.com.tr\/tr\/wp-json\/wp\/v2\/types\/product"}],"wp:featuredmedia":[{"embeddable":true,"href":"https:\/\/www.fenixkurumsal.com.tr\/tr\/wp-json\/wp\/v2\/media\/10657"}],"wp:attachment":[{"href":"https:\/\/www.fenixkurumsal.com.tr\/tr\/wp-json\/wp\/v2\/media?parent=10656"}],"wp:term":[{"taxonomy":"product_cat","embeddable":true,"href":"https:\/\/www.fenixkurumsal.com.tr\/tr\/wp-json\/wp\/v2\/product_cat?post=10656"},{"taxonomy":"product_tag","embeddable":true,"href":"https:\/\/www.fenixkurumsal.com.tr\/tr\/wp-json\/wp\/v2\/product_tag?post=10656"}],"curies":[{"name":"wp","href":"https:\/\/api.w.org\/{rel}","templated":true}]}}