{"id":10714,"date":"2025-04-07T16:18:15","date_gmt":"2025-04-07T13:18:15","guid":{"rendered":"https:\/\/fenixkurumsal.com.tr\/?post_type=product&#038;p=10714"},"modified":"2025-04-07T16:18:16","modified_gmt":"2025-04-07T13:18:16","slug":"d100-pet-bombe-kapak","status":"publish","type":"product","link":"https:\/\/www.fenixkurumsal.com.tr\/tr\/urun\/d100-pet-bombe-kapak\/","title":{"rendered":"D100 Pet Bombe Kapak"},"content":{"rendered":"","protected":false},"excerpt":{"rendered":"<table>\n<tbody>\n<tr>\n<td>Hammadde<\/td>\n<td>PET<\/td>\n<\/tr>\n<tr>\n<td>\u00c7ap<\/td>\n<td>100x 32 mm<\/td>\n<\/tr>\n<tr>\n<td>Po\u015fet \u0130\u00e7i Miktar<\/td>\n<td>100<\/td>\n<\/tr>\n<tr>\n<td>Koli \u0130\u00e7i Miktar<\/td>\n<td>2000<\/td>\n<\/tr>\n<\/tbody>\n<\/table>\n","protected":false},"featured_media":10715,"template":"","meta":[],"product_cat":[653,613],"product_tag":[674,657],"class_list":{"0":"post-10714","1":"product","2":"type-product","3":"status-publish","4":"has-post-thumbnail","6":"product_cat-kapaklar","7":"product_cat-plastik-bardaklar","8":"product_tag-100-cap","9":"product_tag-bombe-kapak","11":"first","12":"instock","13":"taxable","14":"shipping-taxable","15":"product-type-simple"},"_links":{"self":[{"href":"https:\/\/www.fenixkurumsal.com.tr\/tr\/wp-json\/wp\/v2\/product\/10714","targetHints":{"allow":["GET"]}}],"collection":[{"href":"https:\/\/www.fenixkurumsal.com.tr\/tr\/wp-json\/wp\/v2\/product"}],"about":[{"href":"https:\/\/www.fenixkurumsal.com.tr\/tr\/wp-json\/wp\/v2\/types\/product"}],"wp:featuredmedia":[{"embeddable":true,"href":"https:\/\/www.fenixkurumsal.com.tr\/tr\/wp-json\/wp\/v2\/media\/10715"}],"wp:attachment":[{"href":"https:\/\/www.fenixkurumsal.com.tr\/tr\/wp-json\/wp\/v2\/media?parent=10714"}],"wp:term":[{"taxonomy":"product_cat","embeddable":true,"href":"https:\/\/www.fenixkurumsal.com.tr\/tr\/wp-json\/wp\/v2\/product_cat?post=10714"},{"taxonomy":"product_tag","embeddable":true,"href":"https:\/\/www.fenixkurumsal.com.tr\/tr\/wp-json\/wp\/v2\/product_tag?post=10714"}],"curies":[{"name":"wp","href":"https:\/\/api.w.org\/{rel}","templated":true}]}}