{"id":10897,"date":"2025-04-08T23:05:28","date_gmt":"2025-04-08T20:05:28","guid":{"rendered":"https:\/\/fenixkurumsal.com.tr\/?post_type=product&#038;p=10897"},"modified":"2025-04-08T23:05:29","modified_gmt":"2025-04-08T20:05:29","slug":"80cc-pet-oval-kendinden-kapakli-sos-kabi","status":"publish","type":"product","link":"https:\/\/www.fenixkurumsal.com.tr\/tr\/urun\/80cc-pet-oval-kendinden-kapakli-sos-kabi\/","title":{"rendered":"80cc PET Oval Kendinden Kapakl\u0131 Sos Kab\u0131"},"content":{"rendered":"","protected":false},"excerpt":{"rendered":"<table>\n<tbody>\n<tr>\n<td>Hammadde<\/td>\n<td>PP<\/td>\n<\/tr>\n<tr>\n<td>Renk<\/td>\n<td>T<\/td>\n<\/tr>\n<tr>\n<td>\u00dcr\u00fcn \u00d6l\u00e7\u00fcleri<\/td>\n<td>171*59*38 mm<\/td>\n<\/tr>\n<tr>\n<td>Po\u015fet \u0130\u00e7i Miktar<\/td>\n<td>100<\/td>\n<\/tr>\n<tr>\n<td>Koli \u0130\u00e7i Miktar<\/td>\n<td>10<\/td>\n<\/tr>\n<\/tbody>\n<\/table>\n","protected":false},"featured_media":10898,"template":"","meta":[],"product_cat":[678,690],"product_tag":[702,700,693],"class_list":{"0":"post-10897","1":"product","2":"type-product","3":"status-publish","4":"has-post-thumbnail","6":"product_cat-plastik-gida-kaplari","7":"product_cat-sos-kaplari","8":"product_tag-80cc","9":"product_tag-kapakli","10":"product_tag-sos-kabi","12":"first","13":"instock","14":"taxable","15":"shipping-taxable","16":"product-type-simple"},"_links":{"self":[{"href":"https:\/\/www.fenixkurumsal.com.tr\/tr\/wp-json\/wp\/v2\/product\/10897","targetHints":{"allow":["GET"]}}],"collection":[{"href":"https:\/\/www.fenixkurumsal.com.tr\/tr\/wp-json\/wp\/v2\/product"}],"about":[{"href":"https:\/\/www.fenixkurumsal.com.tr\/tr\/wp-json\/wp\/v2\/types\/product"}],"wp:featuredmedia":[{"embeddable":true,"href":"https:\/\/www.fenixkurumsal.com.tr\/tr\/wp-json\/wp\/v2\/media\/10898"}],"wp:attachment":[{"href":"https:\/\/www.fenixkurumsal.com.tr\/tr\/wp-json\/wp\/v2\/media?parent=10897"}],"wp:term":[{"taxonomy":"product_cat","embeddable":true,"href":"https:\/\/www.fenixkurumsal.com.tr\/tr\/wp-json\/wp\/v2\/product_cat?post=10897"},{"taxonomy":"product_tag","embeddable":true,"href":"https:\/\/www.fenixkurumsal.com.tr\/tr\/wp-json\/wp\/v2\/product_tag?post=10897"}],"curies":[{"name":"wp","href":"https:\/\/api.w.org\/{rel}","templated":true}]}}