{"id":11269,"date":"2025-04-10T12:28:33","date_gmt":"2025-04-10T09:28:33","guid":{"rendered":"https:\/\/fenixkurumsal.com.tr\/?post_type=product&#038;p=11269"},"modified":"2025-04-10T12:28:34","modified_gmt":"2025-04-10T09:28:34","slug":"neo-500-cc","status":"publish","type":"product","link":"https:\/\/www.fenixkurumsal.com.tr\/tr\/urun\/neo-500-cc\/","title":{"rendered":"Neo 500 cc"},"content":{"rendered":"","protected":false},"excerpt":{"rendered":"<table class=\"urunlist\">\n<tbody>\n<tr>\n<td>\u00dcr\u00fcn Eni<\/td>\n<td>:<\/td>\n<td>105 mm<\/td>\n<\/tr>\n<tr>\n<td>\u00dcr\u00fcn Boyu<\/td>\n<td>:<\/td>\n<td>149 mm<\/td>\n<\/tr>\n<tr>\n<td>\u00dcr\u00fcn Y\u00fcksekli\u011fi<\/td>\n<td>:<\/td>\n<td>47 mm<\/td>\n<\/tr>\n<tr>\n<td>\u00dcr\u00fcn Materyali<\/td>\n<td>:<\/td>\n<td>PS<\/td>\n<\/tr>\n<tr>\n<td>\u00dcr\u00fcn Hacmi<\/td>\n<td>:<\/td>\n<td>500 cc<\/td>\n<\/tr>\n<\/tbody>\n<\/table>\n","protected":false},"featured_media":11270,"template":"","meta":[],"product_cat":[679,704],"product_tag":[739,772,741],"class_list":{"0":"post-11269","1":"product","2":"type-product","3":"status-publish","4":"has-post-thumbnail","6":"product_cat-kristal-gida-kaplari","7":"product_cat-kristal-koseliler","8":"product_tag-bal-kabi","9":"product_tag-bk1092","10":"product_tag-petek-bal-kabi","12":"first","13":"instock","14":"taxable","15":"shipping-taxable","16":"product-type-simple"},"_links":{"self":[{"href":"https:\/\/www.fenixkurumsal.com.tr\/tr\/wp-json\/wp\/v2\/product\/11269","targetHints":{"allow":["GET"]}}],"collection":[{"href":"https:\/\/www.fenixkurumsal.com.tr\/tr\/wp-json\/wp\/v2\/product"}],"about":[{"href":"https:\/\/www.fenixkurumsal.com.tr\/tr\/wp-json\/wp\/v2\/types\/product"}],"wp:featuredmedia":[{"embeddable":true,"href":"https:\/\/www.fenixkurumsal.com.tr\/tr\/wp-json\/wp\/v2\/media\/11270"}],"wp:attachment":[{"href":"https:\/\/www.fenixkurumsal.com.tr\/tr\/wp-json\/wp\/v2\/media?parent=11269"}],"wp:term":[{"taxonomy":"product_cat","embeddable":true,"href":"https:\/\/www.fenixkurumsal.com.tr\/tr\/wp-json\/wp\/v2\/product_cat?post=11269"},{"taxonomy":"product_tag","embeddable":true,"href":"https:\/\/www.fenixkurumsal.com.tr\/tr\/wp-json\/wp\/v2\/product_tag?post=11269"}],"curies":[{"name":"wp","href":"https:\/\/api.w.org\/{rel}","templated":true}]}}