{"id":11606,"date":"2025-04-11T13:02:30","date_gmt":"2025-04-11T10:02:30","guid":{"rendered":"https:\/\/fenixkurumsal.com.tr\/?post_type=product&#038;p=11606"},"modified":"2025-04-11T13:02:31","modified_gmt":"2025-04-11T10:02:31","slug":"arissa-pp","status":"publish","type":"product","link":"https:\/\/www.fenixkurumsal.com.tr\/tr\/urun\/arissa-pp\/","title":{"rendered":"Arissa PP"},"content":{"rendered":"","protected":false},"excerpt":{"rendered":"<table class=\"urunlist\">\n<tbody>\n<tr>\n<td>\u00dcr\u00fcn Y\u00fcksekli\u011fi<\/td>\n<td>:<\/td>\n<td>56 mm<\/td>\n<\/tr>\n<tr>\n<td>\u00dcr\u00fcn Materyali<\/td>\n<td>:<\/td>\n<td>PP<\/td>\n<\/tr>\n<tr>\n<td>\u00dcr\u00fcn Hacmi<\/td>\n<td>:<\/td>\n<td>230 cc<\/td>\n<\/tr>\n<tr>\n<td>\u00dcr\u00fcn \u00c7ap\u0131<\/td>\n<td>:<\/td>\n<td>95<\/td>\n<\/tr>\n<tr>\n<td>\u00dcretim Tekni\u011fi<\/td>\n<td>:<\/td>\n<td>Injection<\/td>\n<\/tr>\n<\/tbody>\n<\/table>\n","protected":false},"featured_media":11607,"template":"","meta":[],"product_cat":[679,799],"product_tag":[730,801,806,726,725,792,714],"class_list":{"0":"post-11606","1":"product","2":"type-product","3":"status-publish","4":"has-post-thumbnail","6":"product_cat-kristal-gida-kaplari","7":"product_cat-kristal-yuvarlaklar","8":"product_tag-baklava","9":"product_tag-bk1065","10":"product_tag-kk2088pp","11":"product_tag-kurabiye","12":"product_tag-lokum","13":"product_tag-pasta","14":"product_tag-sutlu-tatlilar","16":"first","17":"instock","18":"taxable","19":"shipping-taxable","20":"product-type-simple"},"_links":{"self":[{"href":"https:\/\/www.fenixkurumsal.com.tr\/tr\/wp-json\/wp\/v2\/product\/11606","targetHints":{"allow":["GET"]}}],"collection":[{"href":"https:\/\/www.fenixkurumsal.com.tr\/tr\/wp-json\/wp\/v2\/product"}],"about":[{"href":"https:\/\/www.fenixkurumsal.com.tr\/tr\/wp-json\/wp\/v2\/types\/product"}],"wp:featuredmedia":[{"embeddable":true,"href":"https:\/\/www.fenixkurumsal.com.tr\/tr\/wp-json\/wp\/v2\/media\/11607"}],"wp:attachment":[{"href":"https:\/\/www.fenixkurumsal.com.tr\/tr\/wp-json\/wp\/v2\/media?parent=11606"}],"wp:term":[{"taxonomy":"product_cat","embeddable":true,"href":"https:\/\/www.fenixkurumsal.com.tr\/tr\/wp-json\/wp\/v2\/product_cat?post=11606"},{"taxonomy":"product_tag","embeddable":true,"href":"https:\/\/www.fenixkurumsal.com.tr\/tr\/wp-json\/wp\/v2\/product_tag?post=11606"}],"curies":[{"name":"wp","href":"https:\/\/api.w.org\/{rel}","templated":true}]}}