{"id":11711,"date":"2025-04-11T13:36:07","date_gmt":"2025-04-11T10:36:07","guid":{"rendered":"https:\/\/fenixkurumsal.com.tr\/?post_type=product&#038;p=11711"},"modified":"2025-04-11T13:36:08","modified_gmt":"2025-04-11T10:36:08","slug":"fiona-cup","status":"publish","type":"product","link":"https:\/\/www.fenixkurumsal.com.tr\/tr\/urun\/fiona-cup\/","title":{"rendered":"Fiona Cup"},"content":{"rendered":"","protected":false},"excerpt":{"rendered":"<table class=\"urunlist\">\n<tbody>\n<tr>\n<td>\u00dcr\u00fcn Y\u00fcksekli\u011fi<\/td>\n<td>:<\/td>\n<td>105 mm<\/td>\n<\/tr>\n<tr>\n<td>\u00dcr\u00fcn Materyali<\/td>\n<td>:<\/td>\n<td>PS<\/td>\n<\/tr>\n<tr>\n<td>\u00dcr\u00fcn Hacmi<\/td>\n<td>:<\/td>\n<td>250 cc<\/td>\n<\/tr>\n<tr>\n<td>\u00dcr\u00fcn \u00c7ap\u0131<\/td>\n<td>:<\/td>\n<td>62<\/td>\n<\/tr>\n<tr>\n<td>Kilitli Kapak<\/td>\n<td>:<\/td>\n<td>Yok<\/td>\n<\/tr>\n<\/tbody>\n<\/table>\n","protected":false},"featured_media":11712,"template":"","meta":[],"product_cat":[679,799],"product_tag":[825,719,824,718,826,714],"class_list":{"0":"post-11711","1":"product","2":"type-product","3":"status-publish","4":"has-post-thumbnail","6":"product_cat-kristal-gida-kaplari","7":"product_cat-kristal-yuvarlaklar","8":"product_tag-cateing","9":"product_tag-firin","10":"product_tag-kk2080","11":"product_tag-pastane","12":"product_tag-pudng","13":"product_tag-sutlu-tatlilar","15":"first","16":"instock","17":"taxable","18":"shipping-taxable","19":"product-type-simple"},"_links":{"self":[{"href":"https:\/\/www.fenixkurumsal.com.tr\/tr\/wp-json\/wp\/v2\/product\/11711","targetHints":{"allow":["GET"]}}],"collection":[{"href":"https:\/\/www.fenixkurumsal.com.tr\/tr\/wp-json\/wp\/v2\/product"}],"about":[{"href":"https:\/\/www.fenixkurumsal.com.tr\/tr\/wp-json\/wp\/v2\/types\/product"}],"wp:featuredmedia":[{"embeddable":true,"href":"https:\/\/www.fenixkurumsal.com.tr\/tr\/wp-json\/wp\/v2\/media\/11712"}],"wp:attachment":[{"href":"https:\/\/www.fenixkurumsal.com.tr\/tr\/wp-json\/wp\/v2\/media?parent=11711"}],"wp:term":[{"taxonomy":"product_cat","embeddable":true,"href":"https:\/\/www.fenixkurumsal.com.tr\/tr\/wp-json\/wp\/v2\/product_cat?post=11711"},{"taxonomy":"product_tag","embeddable":true,"href":"https:\/\/www.fenixkurumsal.com.tr\/tr\/wp-json\/wp\/v2\/product_tag?post=11711"}],"curies":[{"name":"wp","href":"https:\/\/api.w.org\/{rel}","templated":true}]}}