{"id":11748,"date":"2025-04-11T13:49:09","date_gmt":"2025-04-11T10:49:09","guid":{"rendered":"https:\/\/fenixkurumsal.com.tr\/?post_type=product&#038;p=11748"},"modified":"2025-04-11T13:49:10","modified_gmt":"2025-04-11T10:49:10","slug":"avantgarde-yuvarlak-275-cc","status":"publish","type":"product","link":"https:\/\/www.fenixkurumsal.com.tr\/tr\/urun\/avantgarde-yuvarlak-275-cc\/","title":{"rendered":"Avantgarde Yuvarlak 275 cc"},"content":{"rendered":"","protected":false},"excerpt":{"rendered":"<table class=\"urunlist\">\n<tbody>\n<tr>\n<td>\u00dcr\u00fcn Y\u00fcksekli\u011fi<\/td>\n<td>:<\/td>\n<td>34 mm<\/td>\n<\/tr>\n<tr>\n<td>\u00dcr\u00fcn Materyali<\/td>\n<td>:<\/td>\n<td>PS<\/td>\n<\/tr>\n<tr>\n<td>\u00dcr\u00fcn Hacmi<\/td>\n<td>:<\/td>\n<td>250 cc<\/td>\n<\/tr>\n<tr>\n<td>\u00dcr\u00fcn \u00c7ap\u0131<\/td>\n<td>:<\/td>\n<td>132<\/td>\n<\/tr>\n<tr>\n<td>Kilitli Kapak<\/td>\n<td>:<\/td>\n<td>Yok<\/td>\n<\/tr>\n<\/tbody>\n<\/table>\n","protected":false},"featured_media":11749,"template":"","meta":[],"product_cat":[679,799],"product_tag":[730,724,723,831,726,736,714],"class_list":{"0":"post-11748","1":"product","2":"type-product","3":"status-publish","4":"has-post-thumbnail","6":"product_cat-kristal-gida-kaplari","7":"product_cat-kristal-yuvarlaklar","8":"product_tag-baklava","9":"product_tag-cikolata","10":"product_tag-draje","11":"product_tag-kk2063","12":"product_tag-kurabiye","13":"product_tag-pastane-ve-firin","14":"product_tag-sutlu-tatlilar","16":"first","17":"instock","18":"taxable","19":"shipping-taxable","20":"product-type-simple"},"_links":{"self":[{"href":"https:\/\/www.fenixkurumsal.com.tr\/tr\/wp-json\/wp\/v2\/product\/11748","targetHints":{"allow":["GET"]}}],"collection":[{"href":"https:\/\/www.fenixkurumsal.com.tr\/tr\/wp-json\/wp\/v2\/product"}],"about":[{"href":"https:\/\/www.fenixkurumsal.com.tr\/tr\/wp-json\/wp\/v2\/types\/product"}],"wp:featuredmedia":[{"embeddable":true,"href":"https:\/\/www.fenixkurumsal.com.tr\/tr\/wp-json\/wp\/v2\/media\/11749"}],"wp:attachment":[{"href":"https:\/\/www.fenixkurumsal.com.tr\/tr\/wp-json\/wp\/v2\/media?parent=11748"}],"wp:term":[{"taxonomy":"product_cat","embeddable":true,"href":"https:\/\/www.fenixkurumsal.com.tr\/tr\/wp-json\/wp\/v2\/product_cat?post=11748"},{"taxonomy":"product_tag","embeddable":true,"href":"https:\/\/www.fenixkurumsal.com.tr\/tr\/wp-json\/wp\/v2\/product_tag?post=11748"}],"curies":[{"name":"wp","href":"https:\/\/api.w.org\/{rel}","templated":true}]}}