{"id":11993,"date":"2025-04-11T16:56:21","date_gmt":"2025-04-11T13:56:21","guid":{"rendered":"https:\/\/fenixkurumsal.com.tr\/?post_type=product&#038;p=11993"},"modified":"2025-04-11T16:56:22","modified_gmt":"2025-04-11T13:56:22","slug":"termoseal-tabak","status":"publish","type":"product","link":"https:\/\/www.fenixkurumsal.com.tr\/tr\/urun\/termoseal-tabak\/","title":{"rendered":"Termoseal Tabak"},"content":{"rendered":"","protected":false},"excerpt":{"rendered":"<table class=\"urunlist\">\n<tbody>\n<tr>\n<td>\u00dcr\u00fcn Eni<\/td>\n<td>:<\/td>\n<td>132 mm<\/td>\n<\/tr>\n<tr>\n<td>\u00dcr\u00fcn Boyu<\/td>\n<td>:<\/td>\n<td>176 mm<\/td>\n<\/tr>\n<tr>\n<td>\u00dcr\u00fcn Y\u00fcksekli\u011fi<\/td>\n<td>:<\/td>\n<td>26 mm<\/td>\n<\/tr>\n<tr>\n<td>\u00dcr\u00fcn Materyali<\/td>\n<td>:<\/td>\n<td>PS<\/td>\n<\/tr>\n<tr>\n<td>\u00dcr\u00fcn Hacmi<\/td>\n<td>:<\/td>\n<td>430 cc<\/td>\n<\/tr>\n<\/tbody>\n<\/table>\n","protected":false},"featured_media":11994,"template":"","meta":[],"product_cat":[679,863],"product_tag":[869,736],"class_list":{"0":"post-11993","1":"product","2":"type-product","3":"status-publish","4":"has-post-thumbnail","6":"product_cat-kristal-gida-kaplari","7":"product_cat-kristal-tepsiler","8":"product_tag-kuru-meyveler","9":"product_tag-pastane-ve-firin","11":"first","12":"instock","13":"taxable","14":"shipping-taxable","15":"product-type-simple"},"_links":{"self":[{"href":"https:\/\/www.fenixkurumsal.com.tr\/tr\/wp-json\/wp\/v2\/product\/11993","targetHints":{"allow":["GET"]}}],"collection":[{"href":"https:\/\/www.fenixkurumsal.com.tr\/tr\/wp-json\/wp\/v2\/product"}],"about":[{"href":"https:\/\/www.fenixkurumsal.com.tr\/tr\/wp-json\/wp\/v2\/types\/product"}],"wp:featuredmedia":[{"embeddable":true,"href":"https:\/\/www.fenixkurumsal.com.tr\/tr\/wp-json\/wp\/v2\/media\/11994"}],"wp:attachment":[{"href":"https:\/\/www.fenixkurumsal.com.tr\/tr\/wp-json\/wp\/v2\/media?parent=11993"}],"wp:term":[{"taxonomy":"product_cat","embeddable":true,"href":"https:\/\/www.fenixkurumsal.com.tr\/tr\/wp-json\/wp\/v2\/product_cat?post=11993"},{"taxonomy":"product_tag","embeddable":true,"href":"https:\/\/www.fenixkurumsal.com.tr\/tr\/wp-json\/wp\/v2\/product_tag?post=11993"}],"curies":[{"name":"wp","href":"https:\/\/api.w.org\/{rel}","templated":true}]}}