{"id":12050,"date":"2025-04-11T17:08:36","date_gmt":"2025-04-11T14:08:36","guid":{"rendered":"https:\/\/fenixkurumsal.com.tr\/?post_type=product&#038;p=12050"},"modified":"2025-04-11T17:08:36","modified_gmt":"2025-04-11T14:08:36","slug":"elips-orta-tepsi","status":"publish","type":"product","link":"https:\/\/www.fenixkurumsal.com.tr\/tr\/urun\/elips-orta-tepsi\/","title":{"rendered":"Elips Orta Tepsi"},"content":{"rendered":"","protected":false},"excerpt":{"rendered":"<table class=\"urunlist\">\n<tbody>\n<tr>\n<td>\u00dcr\u00fcn Eni<\/td>\n<td>:<\/td>\n<td>214 mm<\/td>\n<\/tr>\n<tr>\n<td>\u00dcr\u00fcn Boyu<\/td>\n<td>:<\/td>\n<td>309 mm<\/td>\n<\/tr>\n<tr>\n<td>\u00dcr\u00fcn Y\u00fcksekli\u011fi<\/td>\n<td>:<\/td>\n<td>14 mm<\/td>\n<\/tr>\n<tr>\n<td>\u00dcr\u00fcn Materyali<\/td>\n<td>:<\/td>\n<td>PS<\/td>\n<\/tr>\n<tr>\n<td>\u00dcr\u00fcn Hacmi<\/td>\n<td>:<\/td>\n<td>525 cc<\/td>\n<\/tr>\n<\/tbody>\n<\/table>\n","protected":false},"featured_media":12051,"template":"","meta":[],"product_cat":[679,863],"product_tag":[867],"class_list":{"0":"post-12050","1":"product","2":"type-product","3":"status-publish","4":"has-post-thumbnail","6":"product_cat-kristal-gida-kaplari","7":"product_cat-kristal-tepsiler","8":"product_tag-kuru-meyveler-ve-kuruyemis","10":"first","11":"instock","12":"taxable","13":"shipping-taxable","14":"product-type-simple"},"_links":{"self":[{"href":"https:\/\/www.fenixkurumsal.com.tr\/tr\/wp-json\/wp\/v2\/product\/12050","targetHints":{"allow":["GET"]}}],"collection":[{"href":"https:\/\/www.fenixkurumsal.com.tr\/tr\/wp-json\/wp\/v2\/product"}],"about":[{"href":"https:\/\/www.fenixkurumsal.com.tr\/tr\/wp-json\/wp\/v2\/types\/product"}],"wp:featuredmedia":[{"embeddable":true,"href":"https:\/\/www.fenixkurumsal.com.tr\/tr\/wp-json\/wp\/v2\/media\/12051"}],"wp:attachment":[{"href":"https:\/\/www.fenixkurumsal.com.tr\/tr\/wp-json\/wp\/v2\/media?parent=12050"}],"wp:term":[{"taxonomy":"product_cat","embeddable":true,"href":"https:\/\/www.fenixkurumsal.com.tr\/tr\/wp-json\/wp\/v2\/product_cat?post=12050"},{"taxonomy":"product_tag","embeddable":true,"href":"https:\/\/www.fenixkurumsal.com.tr\/tr\/wp-json\/wp\/v2\/product_tag?post=12050"}],"curies":[{"name":"wp","href":"https:\/\/api.w.org\/{rel}","templated":true}]}}