{"id":12537,"date":"2025-04-14T10:05:10","date_gmt":"2025-04-14T07:05:10","guid":{"rendered":"https:\/\/fenixkurumsal.com.tr\/?post_type=product&#038;p=12537"},"modified":"2025-04-14T10:05:11","modified_gmt":"2025-04-14T07:05:11","slug":"8-oz-karton-bardak","status":"publish","type":"product","link":"https:\/\/www.fenixkurumsal.com.tr\/tr\/urun\/8-oz-karton-bardak\/","title":{"rendered":"8 oz Karton Bardak"},"content":{"rendered":"","protected":false},"excerpt":{"rendered":"<div class=\"row\">\n<div class=\"col-12 col-xl-3 col-lg-3\">Taban \u00c7ap\u0131 : 52 mm<\/div>\n<\/div>\n<div class=\"row\">\n<div class=\"col-12 col-xl-3 col-lg-3\">A\u011f\u0131z \u00c7ap\u0131 : 80 mm<\/div>\n<\/div>\n<div class=\"row\">\n<div class=\"col-12 col-xl-3 col-lg-3\">Y\u00fckseklik : 92 mm<\/div>\n<\/div>\n<div class=\"row\">\n<div class=\"col-12 col-xl-3 col-lg-3\">Paket Adeti : 20<\/div>\n<\/div>\n<div class=\"row\">\n<div class=\"col-12 col-xl-3 col-lg-3\">Koli i\u00e7i adet : 1000<\/div>\n<\/div>\n","protected":false},"featured_media":12538,"template":"","meta":[],"product_cat":[45,77],"product_tag":[667,880,871],"class_list":{"0":"post-12537","1":"product","2":"type-product","3":"status-publish","4":"has-post-thumbnail","6":"product_cat-kagit-urunler","7":"product_cat-karton-bardak","8":"product_tag-8oz","9":"product_tag-kagt-bardak","10":"product_tag-karton-bardak","12":"first","13":"instock","14":"taxable","15":"shipping-taxable","16":"product-type-simple"},"_links":{"self":[{"href":"https:\/\/www.fenixkurumsal.com.tr\/tr\/wp-json\/wp\/v2\/product\/12537","targetHints":{"allow":["GET"]}}],"collection":[{"href":"https:\/\/www.fenixkurumsal.com.tr\/tr\/wp-json\/wp\/v2\/product"}],"about":[{"href":"https:\/\/www.fenixkurumsal.com.tr\/tr\/wp-json\/wp\/v2\/types\/product"}],"wp:featuredmedia":[{"embeddable":true,"href":"https:\/\/www.fenixkurumsal.com.tr\/tr\/wp-json\/wp\/v2\/media\/12538"}],"wp:attachment":[{"href":"https:\/\/www.fenixkurumsal.com.tr\/tr\/wp-json\/wp\/v2\/media?parent=12537"}],"wp:term":[{"taxonomy":"product_cat","embeddable":true,"href":"https:\/\/www.fenixkurumsal.com.tr\/tr\/wp-json\/wp\/v2\/product_cat?post=12537"},{"taxonomy":"product_tag","embeddable":true,"href":"https:\/\/www.fenixkurumsal.com.tr\/tr\/wp-json\/wp\/v2\/product_tag?post=12537"}],"curies":[{"name":"wp","href":"https:\/\/api.w.org\/{rel}","templated":true}]}}