{"id":12551,"date":"2025-04-14T10:17:09","date_gmt":"2025-04-14T07:17:09","guid":{"rendered":"https:\/\/fenixkurumsal.com.tr\/?post_type=product&#038;p=12551"},"modified":"2025-04-14T10:17:09","modified_gmt":"2025-04-14T07:17:09","slug":"16-oz-karton-bardak","status":"publish","type":"product","link":"https:\/\/www.fenixkurumsal.com.tr\/tr\/urun\/16-oz-karton-bardak\/","title":{"rendered":"16 oz Karton Bardak"},"content":{"rendered":"","protected":false},"excerpt":{"rendered":"<div class=\"row\">\n<div class=\"col-12 col-xl-3 col-lg-3\">Taban \u00c7ap\u0131 : 58 mm<\/div>\n<\/div>\n<div class=\"row\">\n<div class=\"col-12 col-xl-3 col-lg-3\">A\u011f\u0131z \u00c7ap\u0131 : 90 mm<\/div>\n<\/div>\n<div class=\"row\">\n<div class=\"col-12 col-xl-3 col-lg-3\">Y\u00fckseklik : 136 mm<\/div>\n<\/div>\n<div class=\"row\">\n<div class=\"col-12 col-xl-3 col-lg-3\">Paket Adeti : 50<\/div>\n<\/div>\n<div class=\"row\">\n<div class=\"col-12 col-xl-3 col-lg-3\">Koli \u0130\u00e7i Adeti : 1000<\/div>\n<\/div>\n","protected":false},"featured_media":12552,"template":"","meta":[],"product_cat":[45,77],"product_tag":[646,872,871],"class_list":{"0":"post-12551","1":"product","2":"type-product","3":"status-publish","4":"has-post-thumbnail","6":"product_cat-kagit-urunler","7":"product_cat-karton-bardak","8":"product_tag-16oz","9":"product_tag-kagit-bardak","10":"product_tag-karton-bardak","12":"first","13":"instock","14":"taxable","15":"shipping-taxable","16":"product-type-simple"},"_links":{"self":[{"href":"https:\/\/www.fenixkurumsal.com.tr\/tr\/wp-json\/wp\/v2\/product\/12551","targetHints":{"allow":["GET"]}}],"collection":[{"href":"https:\/\/www.fenixkurumsal.com.tr\/tr\/wp-json\/wp\/v2\/product"}],"about":[{"href":"https:\/\/www.fenixkurumsal.com.tr\/tr\/wp-json\/wp\/v2\/types\/product"}],"wp:featuredmedia":[{"embeddable":true,"href":"https:\/\/www.fenixkurumsal.com.tr\/tr\/wp-json\/wp\/v2\/media\/12552"}],"wp:attachment":[{"href":"https:\/\/www.fenixkurumsal.com.tr\/tr\/wp-json\/wp\/v2\/media?parent=12551"}],"wp:term":[{"taxonomy":"product_cat","embeddable":true,"href":"https:\/\/www.fenixkurumsal.com.tr\/tr\/wp-json\/wp\/v2\/product_cat?post=12551"},{"taxonomy":"product_tag","embeddable":true,"href":"https:\/\/www.fenixkurumsal.com.tr\/tr\/wp-json\/wp\/v2\/product_tag?post=12551"}],"curies":[{"name":"wp","href":"https:\/\/api.w.org\/{rel}","templated":true}]}}