{"id":12653,"date":"2025-04-15T10:56:53","date_gmt":"2025-04-15T07:56:53","guid":{"rendered":"https:\/\/fenixkurumsal.com.tr\/?post_type=product&#038;p=12653"},"modified":"2025-04-15T10:56:54","modified_gmt":"2025-04-15T07:56:54","slug":"1000-cc-karton-kase-32oz","status":"publish","type":"product","link":"https:\/\/www.fenixkurumsal.com.tr\/tr\/urun\/1000-cc-karton-kase-32oz\/","title":{"rendered":"1000 cc Karton Kase &#8211; 32oz"},"content":{"rendered":"","protected":false},"excerpt":{"rendered":"<div class=\"row\">\n<div class=\"col-12 col-xl-3 col-lg-3\">Taban \u00c7ap\u0131 : 165 mm<\/div>\n<\/div>\n<div class=\"row\">\n<div class=\"col-12 col-xl-3 col-lg-3\">A\u011f\u0131z \u00c7ap\u0131 : 187 mm<\/div>\n<\/div>\n<div class=\"row\">\n<div class=\"col-12 col-xl-3 col-lg-3\">Y\u00fckseklik : 48 mm<\/div>\n<\/div>\n<div class=\"row\">\n<div class=\"col-12 col-xl-3 col-lg-3\">Koli i\u00e7i Adet : 300<\/div>\n<\/div>\n","protected":false},"featured_media":12654,"template":"","meta":[],"product_cat":[45,79],"product_tag":[894,895,888,893],"class_list":{"0":"post-12653","1":"product","2":"type-product","3":"status-publish","4":"has-post-thumbnail","6":"product_cat-kagit-urunler","7":"product_cat-karton-kase","8":"product_tag-1000cc","9":"product_tag-32oz","10":"product_tag-karton-kase","11":"product_tag-salata-kase","13":"first","14":"instock","15":"taxable","16":"shipping-taxable","17":"product-type-simple"},"_links":{"self":[{"href":"https:\/\/www.fenixkurumsal.com.tr\/tr\/wp-json\/wp\/v2\/product\/12653","targetHints":{"allow":["GET"]}}],"collection":[{"href":"https:\/\/www.fenixkurumsal.com.tr\/tr\/wp-json\/wp\/v2\/product"}],"about":[{"href":"https:\/\/www.fenixkurumsal.com.tr\/tr\/wp-json\/wp\/v2\/types\/product"}],"wp:featuredmedia":[{"embeddable":true,"href":"https:\/\/www.fenixkurumsal.com.tr\/tr\/wp-json\/wp\/v2\/media\/12654"}],"wp:attachment":[{"href":"https:\/\/www.fenixkurumsal.com.tr\/tr\/wp-json\/wp\/v2\/media?parent=12653"}],"wp:term":[{"taxonomy":"product_cat","embeddable":true,"href":"https:\/\/www.fenixkurumsal.com.tr\/tr\/wp-json\/wp\/v2\/product_cat?post=12653"},{"taxonomy":"product_tag","embeddable":true,"href":"https:\/\/www.fenixkurumsal.com.tr\/tr\/wp-json\/wp\/v2\/product_tag?post=12653"}],"curies":[{"name":"wp","href":"https:\/\/api.w.org\/{rel}","templated":true}]}}