{"id":12667,"date":"2025-04-15T11:02:25","date_gmt":"2025-04-15T08:02:25","guid":{"rendered":"https:\/\/fenixkurumsal.com.tr\/?post_type=product&#038;p=12667"},"modified":"2025-04-15T11:02:26","modified_gmt":"2025-04-15T08:02:26","slug":"16-oz-noodle-kutusu","status":"publish","type":"product","link":"https:\/\/www.fenixkurumsal.com.tr\/tr\/urun\/16-oz-noodle-kutusu\/","title":{"rendered":"16 oz Noodle Kutusu"},"content":{"rendered":"","protected":false},"excerpt":{"rendered":"<div class=\"row\">\n<div class=\"col-12 col-xl-3 col-lg-3\">\u00dcst \u00d6l\u00e7\u00fc : 107 mm<\/div>\n<\/div>\n<div class=\"row\">\n<div class=\"col-12 col-xl-3 col-lg-3\">Taban \u00d6l\u00e7\u00fc : 84 mm<\/div>\n<\/div>\n<div class=\"row\">\n<div class=\"col-12 col-xl-3 col-lg-3\">Y\u00fckseklik : 102 mm<\/div>\n<\/div>\n","protected":false},"featured_media":12668,"template":"","meta":[],"product_cat":[45,898],"product_tag":[646,899,900],"class_list":{"0":"post-12667","1":"product","2":"type-product","3":"status-publish","4":"has-post-thumbnail","6":"product_cat-kagit-urunler","7":"product_cat-noodle-box","8":"product_tag-16oz","9":"product_tag-noodle-box","10":"product_tag-yemek-kutusu","12":"first","13":"instock","14":"taxable","15":"shipping-taxable","16":"product-type-simple"},"_links":{"self":[{"href":"https:\/\/www.fenixkurumsal.com.tr\/tr\/wp-json\/wp\/v2\/product\/12667","targetHints":{"allow":["GET"]}}],"collection":[{"href":"https:\/\/www.fenixkurumsal.com.tr\/tr\/wp-json\/wp\/v2\/product"}],"about":[{"href":"https:\/\/www.fenixkurumsal.com.tr\/tr\/wp-json\/wp\/v2\/types\/product"}],"wp:featuredmedia":[{"embeddable":true,"href":"https:\/\/www.fenixkurumsal.com.tr\/tr\/wp-json\/wp\/v2\/media\/12668"}],"wp:attachment":[{"href":"https:\/\/www.fenixkurumsal.com.tr\/tr\/wp-json\/wp\/v2\/media?parent=12667"}],"wp:term":[{"taxonomy":"product_cat","embeddable":true,"href":"https:\/\/www.fenixkurumsal.com.tr\/tr\/wp-json\/wp\/v2\/product_cat?post=12667"},{"taxonomy":"product_tag","embeddable":true,"href":"https:\/\/www.fenixkurumsal.com.tr\/tr\/wp-json\/wp\/v2\/product_tag?post=12667"}],"curies":[{"name":"wp","href":"https:\/\/api.w.org\/{rel}","templated":true}]}}