{"id":12785,"date":"2025-04-15T14:09:07","date_gmt":"2025-04-15T11:09:07","guid":{"rendered":"https:\/\/fenixkurumsal.com.tr\/?post_type=product&#038;p=12785"},"modified":"2025-04-15T14:09:40","modified_gmt":"2025-04-15T11:09:40","slug":"4oz-dondurma-kase","status":"publish","type":"product","link":"https:\/\/www.fenixkurumsal.com.tr\/tr\/urun\/4oz-dondurma-kase\/","title":{"rendered":"4 oz Dondurma Kase"},"content":{"rendered":"","protected":false},"excerpt":{"rendered":"<div class=\"row\">\n<div class=\"col-12 col-xl-3 col-lg-3\">Taban \u00c7ap\u0131 : 60 mm<\/div>\n<\/div>\n<div class=\"row\">\n<div class=\"col-12 col-xl-3 col-lg-3\">A\u011f\u0131z \u00c7ap\u0131 : 76 mm<\/div>\n<\/div>\n<div class=\"row\">\n<div class=\"col-12 col-xl-3 col-lg-3\">Y\u00fckseklik : 46 mm<\/div>\n<\/div>\n","protected":false},"featured_media":12786,"template":"","meta":[],"product_cat":[911,45],"product_tag":[876,912,914,913],"class_list":{"0":"post-12785","1":"product","2":"type-product","3":"status-publish","4":"has-post-thumbnail","6":"product_cat-dondurma-kasesi","7":"product_cat-kagit-urunler","8":"product_tag-4oz","9":"product_tag-dondurma-kase","10":"product_tag-kagit-dondurma-kase","11":"product_tag-karton-dondurma-kase","13":"first","14":"instock","15":"taxable","16":"shipping-taxable","17":"product-type-simple"},"_links":{"self":[{"href":"https:\/\/www.fenixkurumsal.com.tr\/tr\/wp-json\/wp\/v2\/product\/12785","targetHints":{"allow":["GET"]}}],"collection":[{"href":"https:\/\/www.fenixkurumsal.com.tr\/tr\/wp-json\/wp\/v2\/product"}],"about":[{"href":"https:\/\/www.fenixkurumsal.com.tr\/tr\/wp-json\/wp\/v2\/types\/product"}],"wp:featuredmedia":[{"embeddable":true,"href":"https:\/\/www.fenixkurumsal.com.tr\/tr\/wp-json\/wp\/v2\/media\/12786"}],"wp:attachment":[{"href":"https:\/\/www.fenixkurumsal.com.tr\/tr\/wp-json\/wp\/v2\/media?parent=12785"}],"wp:term":[{"taxonomy":"product_cat","embeddable":true,"href":"https:\/\/www.fenixkurumsal.com.tr\/tr\/wp-json\/wp\/v2\/product_cat?post=12785"},{"taxonomy":"product_tag","embeddable":true,"href":"https:\/\/www.fenixkurumsal.com.tr\/tr\/wp-json\/wp\/v2\/product_tag?post=12785"}],"curies":[{"name":"wp","href":"https:\/\/api.w.org\/{rel}","templated":true}]}}