{"id":13020,"date":"2025-04-16T11:18:43","date_gmt":"2025-04-16T08:18:43","guid":{"rendered":"https:\/\/fenixkurumsal.com.tr\/?post_type=product&#038;p=13020"},"modified":"2025-04-16T11:18:43","modified_gmt":"2025-04-16T08:18:43","slug":"250-cc-pet-oval-sizdirmaz-kap","status":"publish","type":"product","link":"https:\/\/www.fenixkurumsal.com.tr\/tr\/urun\/250-cc-pet-oval-sizdirmaz-kap\/","title":{"rendered":"250 cc PET Oval S\u0131zd\u0131rmaz Kap"},"content":{"rendered":"","protected":false},"excerpt":{"rendered":"<ul>\n<li>Hacim: 250 cc \/ 8 oz<\/li>\n<li>Koli \u0130\u00e7i: 100\u00d710 (1000 Adet)<\/li>\n<li>Materyal: PET<\/li>\n<li>\u00dcr\u00fcn \u00d6l\u00e7\u00fcleri: 130*105*40 mm<\/li>\n<\/ul>\n","protected":false},"featured_media":13021,"template":"","meta":[],"product_cat":[678,950],"product_tag":[639,699,953,952],"class_list":{"0":"post-13020","1":"product","2":"type-product","3":"status-publish","4":"has-post-thumbnail","6":"product_cat-plastik-gida-kaplari","7":"product_cat-sizdirmaz-kaplar","8":"product_tag-250cc","9":"product_tag-oval","10":"product_tag-pet","11":"product_tag-sizdirmaz-kap","13":"first","14":"instock","15":"taxable","16":"shipping-taxable","17":"product-type-simple"},"_links":{"self":[{"href":"https:\/\/www.fenixkurumsal.com.tr\/tr\/wp-json\/wp\/v2\/product\/13020","targetHints":{"allow":["GET"]}}],"collection":[{"href":"https:\/\/www.fenixkurumsal.com.tr\/tr\/wp-json\/wp\/v2\/product"}],"about":[{"href":"https:\/\/www.fenixkurumsal.com.tr\/tr\/wp-json\/wp\/v2\/types\/product"}],"wp:featuredmedia":[{"embeddable":true,"href":"https:\/\/www.fenixkurumsal.com.tr\/tr\/wp-json\/wp\/v2\/media\/13021"}],"wp:attachment":[{"href":"https:\/\/www.fenixkurumsal.com.tr\/tr\/wp-json\/wp\/v2\/media?parent=13020"}],"wp:term":[{"taxonomy":"product_cat","embeddable":true,"href":"https:\/\/www.fenixkurumsal.com.tr\/tr\/wp-json\/wp\/v2\/product_cat?post=13020"},{"taxonomy":"product_tag","embeddable":true,"href":"https:\/\/www.fenixkurumsal.com.tr\/tr\/wp-json\/wp\/v2\/product_tag?post=13020"}],"curies":[{"name":"wp","href":"https:\/\/api.w.org\/{rel}","templated":true}]}}