{"id":13077,"date":"2025-04-16T11:56:46","date_gmt":"2025-04-16T08:56:46","guid":{"rendered":"https:\/\/fenixkurumsal.com.tr\/?post_type=product&#038;p=13077"},"modified":"2025-04-16T11:56:47","modified_gmt":"2025-04-16T08:56:47","slug":"500-cc-pp-sicak-yemek-kabi","status":"publish","type":"product","link":"https:\/\/www.fenixkurumsal.com.tr\/tr\/urun\/500-cc-pp-sicak-yemek-kabi\/","title":{"rendered":"500 cc PP S\u0131cak Yemek Kab\u0131"},"content":{"rendered":"","protected":false},"excerpt":{"rendered":"<h5><strong>Yemek Kab\u0131 <\/strong>\u00d6zellikleri<\/h5>\n<ul>\n<li>Katalog Kodu: M5.YSY.500<\/li>\n<li>Hacim: 500 cc<\/li>\n<li>Koli \u0130\u00e7i: 20\u00d714 (280 Adet)<\/li>\n<li>Materyal: PP<\/li>\n<li>\u00dcr\u00fcn \u00d6l\u00e7\u00fcleri: 180*110*40 mm<\/li>\n<li>Koli \u00d6l\u00e7\u00fcs\u00fc: 570*380*380 mm<\/li>\n<\/ul>\n<h5><strong>Yemek Kab\u0131 Kapak \u00d6zellikleri<\/strong><\/h5>\n<ul>\n<li>Koli \u0130\u00e7i: 20X14 (280 Adet)<\/li>\n<li>Materyal: PP<\/li>\n<li>\u00dcr\u00fcn \u00d6l\u00e7\u00fcleri: 180*180*10 mm<\/li>\n<\/ul>\n","protected":false},"featured_media":13078,"template":"","meta":[],"product_cat":[955,678],"product_tag":[891,949,960,959],"class_list":{"0":"post-13077","1":"product","2":"type-product","3":"status-publish","4":"has-post-thumbnail","6":"product_cat-mikrodalga-kaplar","7":"product_cat-plastik-gida-kaplari","8":"product_tag-500cc","9":"product_tag-siyah","10":"product_tag-sicak","11":"product_tag-yemek-kabi","13":"first","14":"instock","15":"taxable","16":"shipping-taxable","17":"product-type-simple"},"_links":{"self":[{"href":"https:\/\/www.fenixkurumsal.com.tr\/tr\/wp-json\/wp\/v2\/product\/13077","targetHints":{"allow":["GET"]}}],"collection":[{"href":"https:\/\/www.fenixkurumsal.com.tr\/tr\/wp-json\/wp\/v2\/product"}],"about":[{"href":"https:\/\/www.fenixkurumsal.com.tr\/tr\/wp-json\/wp\/v2\/types\/product"}],"wp:featuredmedia":[{"embeddable":true,"href":"https:\/\/www.fenixkurumsal.com.tr\/tr\/wp-json\/wp\/v2\/media\/13078"}],"wp:attachment":[{"href":"https:\/\/www.fenixkurumsal.com.tr\/tr\/wp-json\/wp\/v2\/media?parent=13077"}],"wp:term":[{"taxonomy":"product_cat","embeddable":true,"href":"https:\/\/www.fenixkurumsal.com.tr\/tr\/wp-json\/wp\/v2\/product_cat?post=13077"},{"taxonomy":"product_tag","embeddable":true,"href":"https:\/\/www.fenixkurumsal.com.tr\/tr\/wp-json\/wp\/v2\/product_tag?post=13077"}],"curies":[{"name":"wp","href":"https:\/\/api.w.org\/{rel}","templated":true}]}}