{"id":16546,"date":"2025-05-06T18:12:08","date_gmt":"2025-05-06T15:12:08","guid":{"rendered":"https:\/\/fenixkurumsal.com.tr\/?post_type=product&#038;p=16546"},"modified":"2025-05-06T18:12:11","modified_gmt":"2025-05-06T15:12:11","slug":"nitril-eldiven-yesil-kalin","status":"publish","type":"product","link":"https:\/\/www.fenixkurumsal.com.tr\/tr\/urun\/nitril-eldiven-yesil-kalin\/","title":{"rendered":"Nitril Eldiven Ye\u015fil &#8211; Kal\u0131n"},"content":{"rendered":"","protected":false},"excerpt":{"rendered":"<div id=\"info\" class=\"products_tabs_contents active\">\n<ul>\n<li>Ekstra tutu\u015f i\u00e7in 3D Elmas dokulu.<\/li>\n<li>Ekstra kal\u0131nd\u0131r.<\/li>\n<li>Do\u011fal Lateks i\u00e7ermedi\u011fi i\u00e7in alerjisi olan kullan\u0131c\u0131lar i\u00e7in idealdir.<\/li>\n<li>Pudras\u0131zd\u0131r.<\/li>\n<li>Non Sterildir.<\/li>\n<li>Tek kullan\u0131ml\u0131kt\u0131r.<\/li>\n<li>\u0130ki ele de uyumludur.<\/li>\n<li>Yumu\u015fak yap\u0131s\u0131 ve y\u00fcksek elastikiyeti sayesinde ele m\u00fckemmel uyum sa\u011flar.<\/li>\n<li>Yap\u0131s\u0131 sayesinde riskli i\u015fler i\u00e7in ekstra koruma sa\u011flar.<\/li>\n<li>G\u0131daya dokunabilir.<\/li>\n<li>Parmak u\u00e7lar\u0131ndaki p\u00fct\u00fcrl\u00fcd\u00fcr. Bu sayede tutma kabiliyetini artt\u0131r\u0131r, hassas i\u015flerde kolayl\u0131k sa\u011flar.50\u2019lik kutularda 1000\u2019lik kolilerdedir.<\/li>\n<\/ul>\n<\/div>\n","protected":false},"featured_media":16552,"template":"","meta":[],"product_cat":[4332],"product_tag":[4334,4405,4336,4369,4362,4429],"class_list":{"0":"post-16546","1":"product","2":"type-product","3":"status-publish","4":"has-post-thumbnail","6":"product_cat-eldiven","7":"product_tag-eldiven","8":"product_tag-kalin","9":"product_tag-kullan-at","10":"product_tag-nitril","11":"product_tag-pudrasiz","12":"product_tag-yesil","14":"first","15":"instock","16":"taxable","17":"shipping-taxable","18":"product-type-simple"},"_links":{"self":[{"href":"https:\/\/www.fenixkurumsal.com.tr\/tr\/wp-json\/wp\/v2\/product\/16546","targetHints":{"allow":["GET"]}}],"collection":[{"href":"https:\/\/www.fenixkurumsal.com.tr\/tr\/wp-json\/wp\/v2\/product"}],"about":[{"href":"https:\/\/www.fenixkurumsal.com.tr\/tr\/wp-json\/wp\/v2\/types\/product"}],"wp:featuredmedia":[{"embeddable":true,"href":"https:\/\/www.fenixkurumsal.com.tr\/tr\/wp-json\/wp\/v2\/media\/16552"}],"wp:attachment":[{"href":"https:\/\/www.fenixkurumsal.com.tr\/tr\/wp-json\/wp\/v2\/media?parent=16546"}],"wp:term":[{"taxonomy":"product_cat","embeddable":true,"href":"https:\/\/www.fenixkurumsal.com.tr\/tr\/wp-json\/wp\/v2\/product_cat?post=16546"},{"taxonomy":"product_tag","embeddable":true,"href":"https:\/\/www.fenixkurumsal.com.tr\/tr\/wp-json\/wp\/v2\/product_tag?post=16546"}],"curies":[{"name":"wp","href":"https:\/\/api.w.org\/{rel}","templated":true}]}}